{"id":580107,"date":"2025-08-04T14:27:34","date_gmt":"2025-08-04T12:27:34","guid":{"rendered":"https:\/\/lucacastelli.com\/prodotto\/stihl-msa-300-c-o-40-cm-con-ap-500-s-e-al-301-2\/"},"modified":"2026-03-02T09:27:17","modified_gmt":"2026-03-02T08:27:17","slug":"stihl-msa-300-c-o-40-cm-con-ap-500-s-e-al-301-2","status":"publish","type":"product","link":"https:\/\/lucacastelli.com\/fr\/produit\/stihl-msa-300-c-o-40-cm-con-ap-500-s-e-al-301-2\/","title":{"rendered":"STIHL MSA 300 C-O 40 cm avec AP 500 S et AL 301"},"content":{"rendered":"<p>La plus puissante tron\u00e7onneuse sans fil de STIHL pour l\u2019usage professionnel. Ses performances \u00e9lev\u00e9es et ses trois modes de fonctionnement s\u00e9lectionnables permettent de travailler de mani\u00e8re optimale dans une large gamme d\u2019applications telles que l\u2019abattage, l\u2019\u00e9branchage ou le tron\u00e7onnage. Ergonomie \u00e9lev\u00e9e m\u00eame lors de travaux prolong\u00e9s gr\u00e2ce \u00e0 son design fin et maniable, son excellent \u00e9quilibre et le syst\u00e8me antivibratoire STIHL. Cockpit de commande et de notification intuitif avec indicateur LED, filtre \u00e0 air de refroidissement int\u00e9gr\u00e9, \u00e9crou imperdable sur le couvercle du pignon, pompe \u00e0 huile r\u00e9glable, cha\u00eene RM Pro de .325&#8243; pour des performances de coupe tr\u00e8s \u00e9lev\u00e9es. \u00c9quip\u00e9e de s\u00e9rie d\u2019un capteur d\u2019huile et d\u2019un indicateur LED pour informer activement l\u2019utilisateur en cas de manque d\u2019huile. Pr\u00e9disposition pour le STIHL Smart Connector 2 A dans le carter de l\u2019appareil.     <\/p>\n<p>Set compos\u00e9 de :<\/p>\n<p>1 pce MSA 300 C-O 40 cm<br \/>\n1 pce Batterie AP 500 S<br \/>\n1 pce Chargeur AL 301<\/p>\n<table class=\"technical_data\">\n<thead>\n<tr>\n<th class=\"col1\">Donn\u00e9es techniques<\/th>\n<th class=\"col2\">Valeur<\/th>\n<\/tr>\n<\/thead>\n<tbody>\n<tr class=\"\">\n<td class=\"col1\">Niveau de vibration gauche\/droitem\/s\u00b2<br \/>\n<sup>1)<\/sup><\/td>\n<td class=\"col2\">2,6\/2,8<\/td>\n<\/tr>\n<tr class=\"odd\">\n<td class=\"col1\">Longueur du guide-cha\u00eenecm<\/td>\n<td class=\"col2\">40-45<\/td>\n<\/tr>\n<tr class=\"\">\n<td class=\"col1\">Niveau de puissance acoustiqueB(A)<br \/>\n<sup>2)<\/sup><\/td>\n<td class=\"col2\">104<\/td>\n<\/tr>\n<tr class=\"odd\">\n<td class=\"col1\">Niveau de pression acoustiquedB(A)<br \/>\n<sup>2)<\/sup><\/td>\n<td class=\"col2\">93<\/td>\n<\/tr>\n<tr class=\"\">\n<td class=\"col1\">Pesokg<br \/>\n 3<sup>)<\/sup><\/td>\n<td class=\"col2\">5,4<\/td>\n<\/tr>\n<tr class=\"odd\">\n<td class=\"col1\">Tension nominaleV<\/td>\n<td class=\"col2\">36<\/td>\n<\/tr>\n<\/tbody>\n<\/table>\n","protected":false},"excerpt":{"rendered":"<p>La plus puissante tron\u00e7onneuse sans fil de STIHL pour l\u2019usage professionnel. Ses performances \u00e9lev\u00e9es et ses trois modes de fonctionnement<\/p>\n","protected":false},"featured_media":580102,"template":"","meta":{"_seopress_robots_primary_cat":"none","_seopress_titles_title":"","_seopress_titles_desc":"","_seopress_robots_index":""},"product_brand":[3555],"product_cat":[167,1604,1606],"product_tag":[],"class_list":{"0":"post-580107","1":"product","2":"type-product","3":"status-publish","4":"has-post-thumbnail","6":"product_brand-stihl-fr","7":"product_cat-machines","8":"product_cat-tronconneuses","9":"product_cat-tronconneuses-a-batterie","10":"sws-gruppo-macchinari-fr","11":"sws-conto-ricavi-merci-rivendita-macchinari-fr","12":"sws-gruppo-iva-iva81-fr","14":"first","15":"instock","16":"sale","17":"shipping-taxable","18":"purchasable","19":"product-type-simple"},"_links":{"self":[{"href":"https:\/\/lucacastelli.com\/fr\/wp-json\/wp\/v2\/product\/580107","targetHints":{"allow":["GET"]}}],"collection":[{"href":"https:\/\/lucacastelli.com\/fr\/wp-json\/wp\/v2\/product"}],"about":[{"href":"https:\/\/lucacastelli.com\/fr\/wp-json\/wp\/v2\/types\/product"}],"wp:featuredmedia":[{"embeddable":true,"href":"https:\/\/lucacastelli.com\/fr\/wp-json\/wp\/v2\/media\/580102"}],"wp:attachment":[{"href":"https:\/\/lucacastelli.com\/fr\/wp-json\/wp\/v2\/media?parent=580107"}],"wp:term":[{"taxonomy":"product_brand","embeddable":true,"href":"https:\/\/lucacastelli.com\/fr\/wp-json\/wp\/v2\/product_brand?post=580107"},{"taxonomy":"product_cat","embeddable":true,"href":"https:\/\/lucacastelli.com\/fr\/wp-json\/wp\/v2\/product_cat?post=580107"},{"taxonomy":"product_tag","embeddable":true,"href":"https:\/\/lucacastelli.com\/fr\/wp-json\/wp\/v2\/product_tag?post=580107"}],"curies":[{"name":"wp","href":"https:\/\/api.w.org\/{rel}","templated":true}]}}