{"id":580095,"date":"2025-08-04T14:27:22","date_gmt":"2025-08-04T12:27:22","guid":{"rendered":"https:\/\/lucacastelli.com\/prodotto\/stihl-rga-140-con-2-pz-ap-300-s-e-al-301-2\/"},"modified":"2025-12-08T14:57:43","modified_gmt":"2025-12-08T13:57:43","slug":"stihl-rga-140-con-2-pz-ap-300-s-e-al-301-2","status":"publish","type":"product","link":"https:\/\/lucacastelli.com\/fr\/produit\/stihl-rga-140-con-2-pz-ap-300-s-e-al-301-2\/","title":{"rendered":"STIHL RGA 140 avec 2 pi\u00e8ces AP 300 S et AL 301"},"content":{"rendered":"<p>Puissante cisaille circulaire aliment\u00e9e par batterie pour un d\u00e9sherbage m\u00e9canique professionnel. Compartiment \u00e0 piles AP dans l&#8217;outil, poign\u00e9e de commande ergonomique avec pr\u00e9s\u00e9lection de la vitesse \u00e0 trois niveaux et indicateur LED, ainsi que r\u00e9glage progressif de la vitesse, poign\u00e9e \u00e0 deux mains, double bandouli\u00e8re, filtre \u00e0 air pour une longue dur\u00e9e de vie. La cisaille circulaire robuste permet d&#8217;\u00e9liminer efficacement les mauvaises herbes et l&#8217;herbe sur diverses surfaces telles que le gravier ou les zones pav\u00e9es, avec un effet de projection tangentielle r\u00e9duit.   Mise \u00e0 disposition du STIHL Smart Connector 2 A dans le bo\u00eetier de l\u2019outil.<\/p>\n<p>Ensemble fourni avec :<\/p>\n<p>1 pc STIHL RGA 140<br \/>\n2 pc Batteries AP 300 S<br \/>\n1 pc Chargeur AL 301<\/p>\n","protected":false},"excerpt":{"rendered":"<p>Puissante cisaille circulaire aliment\u00e9e par batterie pour un d\u00e9sherbage m\u00e9canique professionnel. Compartiment \u00e0 piles AP dans l&#8217;outil, poign\u00e9e de commande<\/p>\n","protected":false},"featured_media":580086,"template":"","meta":{"_seopress_robots_primary_cat":"none","_seopress_titles_title":"","_seopress_titles_desc":"","_seopress_robots_index":""},"product_brand":[3366],"product_cat":[29,270,281],"product_tag":[],"class_list":{"0":"post-580095","1":"product","2":"type-product","3":"status-publish","4":"has-post-thumbnail","6":"product_brand-stihl","7":"product_cat-macchinari","8":"product_cat-decespugliatori-e-tagliabordi","9":"product_cat-decespugliatori-e-tagliabordi-a-batteria","10":"sws-gruppo-macchinari-fr","11":"sws-conto-ricavi-merci-rivendita-macchinari-fr","12":"sws-gruppo-iva-iva81-fr","14":"first","15":"onbackorder","16":"shipping-taxable","17":"purchasable","18":"product-type-simple"},"_links":{"self":[{"href":"https:\/\/lucacastelli.com\/fr\/wp-json\/wp\/v2\/product\/580095","targetHints":{"allow":["GET"]}}],"collection":[{"href":"https:\/\/lucacastelli.com\/fr\/wp-json\/wp\/v2\/product"}],"about":[{"href":"https:\/\/lucacastelli.com\/fr\/wp-json\/wp\/v2\/types\/product"}],"wp:featuredmedia":[{"embeddable":true,"href":"https:\/\/lucacastelli.com\/fr\/wp-json\/wp\/v2\/media\/580086"}],"wp:attachment":[{"href":"https:\/\/lucacastelli.com\/fr\/wp-json\/wp\/v2\/media?parent=580095"}],"wp:term":[{"taxonomy":"product_brand","embeddable":true,"href":"https:\/\/lucacastelli.com\/fr\/wp-json\/wp\/v2\/product_brand?post=580095"},{"taxonomy":"product_cat","embeddable":true,"href":"https:\/\/lucacastelli.com\/fr\/wp-json\/wp\/v2\/product_cat?post=580095"},{"taxonomy":"product_tag","embeddable":true,"href":"https:\/\/lucacastelli.com\/fr\/wp-json\/wp\/v2\/product_tag?post=580095"}],"curies":[{"name":"wp","href":"https:\/\/api.w.org\/{rel}","templated":true}]}}