{"id":579841,"date":"2025-08-04T14:16:04","date_gmt":"2025-08-04T12:16:04","guid":{"rendered":"https:\/\/lucacastelli.com\/prodotto\/stihl-hla-86-con-1-ap-200-s-e-al-301-2\/"},"modified":"2026-03-02T09:26:38","modified_gmt":"2026-03-02T08:26:38","slug":"stihl-hla-86-con-1-ap-200-s-e-al-301-2","status":"publish","type":"product","link":"https:\/\/lucacastelli.com\/fr\/produit\/stihl-hla-86-con-1-ap-200-s-e-al-301-2\/","title":{"rendered":"STIHL HLA 86 avec 1 AP 200 S et AL 301"},"content":{"rendered":"<p>Taille-haies \u00e0 batterie avec perche t\u00e9lescopique<br \/>\nTaille-haies \u00e0 batterie \u00e0 longue port\u00e9e pour usage professionnel. Particuli\u00e8rement adapt\u00e9 pour la taille de haies et d\u2019arbustes hauts ainsi que pour couper la v\u00e9g\u00e9tation pr\u00e8s du sol. Travail ergonomique gr\u00e2ce au tube t\u00e9lescopique carr\u00e9 robuste.  <\/p>\n<p>Set compos\u00e9 de :<\/p>\n<p>1 Taille-haie STIHL HLA 86<br \/>\n1 Batterie AP 200 S<br \/>\n1 Chargeur rapide AL 301<\/p>\n","protected":false},"excerpt":{"rendered":"<p>Taille-haies \u00e0 batterie avec perche t\u00e9lescopique Taille-haies \u00e0 batterie \u00e0 longue port\u00e9e pour usage professionnel. Particuli\u00e8rement adapt\u00e9 pour la taille<\/p>\n","protected":false},"featured_media":579832,"template":"","meta":{"_seopress_robots_primary_cat":"none","_seopress_titles_title":"","_seopress_titles_desc":"","_seopress_robots_index":""},"product_brand":[3366],"product_cat":[29,282,267],"product_tag":[],"class_list":{"0":"post-579841","1":"product","2":"type-product","3":"status-publish","4":"has-post-thumbnail","6":"product_brand-stihl","7":"product_cat-macchinari","8":"product_cat-tosasiepi-e-potatori-a-batteria","9":"product_cat-tosasiepi-e-potatori","10":"sws-gruppo-macchinari-fr","11":"sws-conto-ricavi-merci-rivendita-macchinari-fr","12":"sws-gruppo-iva-iva81-fr","14":"first","15":"onbackorder","16":"sale","17":"shipping-taxable","18":"purchasable","19":"product-type-simple"},"_links":{"self":[{"href":"https:\/\/lucacastelli.com\/fr\/wp-json\/wp\/v2\/product\/579841","targetHints":{"allow":["GET"]}}],"collection":[{"href":"https:\/\/lucacastelli.com\/fr\/wp-json\/wp\/v2\/product"}],"about":[{"href":"https:\/\/lucacastelli.com\/fr\/wp-json\/wp\/v2\/types\/product"}],"wp:featuredmedia":[{"embeddable":true,"href":"https:\/\/lucacastelli.com\/fr\/wp-json\/wp\/v2\/media\/579832"}],"wp:attachment":[{"href":"https:\/\/lucacastelli.com\/fr\/wp-json\/wp\/v2\/media?parent=579841"}],"wp:term":[{"taxonomy":"product_brand","embeddable":true,"href":"https:\/\/lucacastelli.com\/fr\/wp-json\/wp\/v2\/product_brand?post=579841"},{"taxonomy":"product_cat","embeddable":true,"href":"https:\/\/lucacastelli.com\/fr\/wp-json\/wp\/v2\/product_cat?post=579841"},{"taxonomy":"product_tag","embeddable":true,"href":"https:\/\/lucacastelli.com\/fr\/wp-json\/wp\/v2\/product_tag?post=579841"}],"curies":[{"name":"wp","href":"https:\/\/api.w.org\/{rel}","templated":true}]}}