{"id":579829,"date":"2025-08-04T14:15:51","date_gmt":"2025-08-04T12:15:51","guid":{"rendered":"https:\/\/lucacastelli.com\/prodotto\/stihl-hla-66-set-con-ap-200-s-e-al-301-2\/"},"modified":"2026-03-02T09:26:35","modified_gmt":"2026-03-02T08:26:35","slug":"stihl-hla-66-set-con-ap-200-s-e-al-301-2","status":"publish","type":"product","link":"https:\/\/lucacastelli.com\/fr\/produit\/stihl-hla-66-set-con-ap-200-s-e-al-301-2\/","title":{"rendered":"STIHL HLA 66 SET avec AP 200 S et AL 301"},"content":{"rendered":"<p>Taille-haie silencieux sur batterie<br \/>\nTaille-haie l\u00e9ger sur batterie pour la taille des haies et arbustes et des plantes proches du sol. La barre de lame peut \u00eatre r\u00e9gl\u00e9e sur 115\u00b0 sans outils pour la coupe sup\u00e9rieure, lat\u00e9rale et inf\u00e9rieure. Lames aff\u00fbt\u00e9es des deux c\u00f4t\u00e9s pour une coupe nette.  <\/p>\n<p>Set compos\u00e9 de :<\/p>\n<p>1 STIHL HLA 66<br \/>\n1 AP 200 S batterie<br \/>\nAL 1 301 chargeur de batterie<\/p>\n","protected":false},"excerpt":{"rendered":"<p>Taille-haie silencieux sur batterie Taille-haie l\u00e9ger sur batterie pour la taille des haies et arbustes et des plantes proches du<\/p>\n","protected":false},"featured_media":579819,"template":"","meta":{"_seopress_robots_primary_cat":"none","_seopress_titles_title":"","_seopress_titles_desc":"","_seopress_robots_index":""},"product_brand":[3366],"product_cat":[29,282,267],"product_tag":[],"class_list":{"0":"post-579829","1":"product","2":"type-product","3":"status-publish","4":"has-post-thumbnail","6":"product_brand-stihl","7":"product_cat-macchinari","8":"product_cat-tosasiepi-e-potatori-a-batteria","9":"product_cat-tosasiepi-e-potatori","10":"sws-gruppo-macchinari-fr","11":"sws-conto-ricavi-merci-rivendita-macchinari-fr","12":"sws-gruppo-iva-iva81-fr","14":"first","15":"instock","16":"sale","17":"shipping-taxable","18":"purchasable","19":"product-type-simple"},"_links":{"self":[{"href":"https:\/\/lucacastelli.com\/fr\/wp-json\/wp\/v2\/product\/579829","targetHints":{"allow":["GET"]}}],"collection":[{"href":"https:\/\/lucacastelli.com\/fr\/wp-json\/wp\/v2\/product"}],"about":[{"href":"https:\/\/lucacastelli.com\/fr\/wp-json\/wp\/v2\/types\/product"}],"wp:featuredmedia":[{"embeddable":true,"href":"https:\/\/lucacastelli.com\/fr\/wp-json\/wp\/v2\/media\/579819"}],"wp:attachment":[{"href":"https:\/\/lucacastelli.com\/fr\/wp-json\/wp\/v2\/media?parent=579829"}],"wp:term":[{"taxonomy":"product_brand","embeddable":true,"href":"https:\/\/lucacastelli.com\/fr\/wp-json\/wp\/v2\/product_brand?post=579829"},{"taxonomy":"product_cat","embeddable":true,"href":"https:\/\/lucacastelli.com\/fr\/wp-json\/wp\/v2\/product_cat?post=579829"},{"taxonomy":"product_tag","embeddable":true,"href":"https:\/\/lucacastelli.com\/fr\/wp-json\/wp\/v2\/product_tag?post=579829"}],"curies":[{"name":"wp","href":"https:\/\/api.w.org\/{rel}","templated":true}]}}