{"id":579788,"date":"2025-12-03T14:15:13","date_gmt":"2025-12-03T13:15:13","guid":{"rendered":"https:\/\/lucacastelli.com\/prodotto\/stihl-set-bga-160-con-2-pz-ap-300-s-2\/"},"modified":"2025-08-13T10:07:51","modified_gmt":"2025-08-13T08:07:51","slug":"stihl-set-bga-160-con-2-pz-ap-300-s-2","status":"publish","type":"product","link":"https:\/\/lucacastelli.com\/fr\/produit\/stihl-set-bga-160-con-2-pz-ap-300-s-2\/","title":{"rendered":"STIHL SET BGA 160 avec 2 pcs AP 300 S"},"content":{"rendered":"<p>Nouveau mod\u00e8le haut de gamme<br \/>\nPuissant souffleur \u00e0 batterie pour les applications exigeantes \u00e0 la maison et pour les travaux de nettoyage professionnels, par exemple dans la gestion des b\u00e2timents. Puissance de so\ufb03age \u00e9lev\u00e9e et constante pendant toute la dur\u00e9e de vie de la batterie.  Outil court et compact avec tube de so\ufb03ing inclin\u00e9 pour une maniabilit\u00e9 exceptionnelle et une utilisation sans effort.<\/p>\n<p>La technologie du son STIHL r\u00e9duit les fr\u00e9quences d\u00e9sagr\u00e9ables. Pr\u00eat pour la mise en r\u00e9seau via STIHL connected gr\u00e2ce au Smart Connector. <\/p>\n<table data-test-id=\"pdp-spec-tech-table\">\n<tbody>\n<tr>\n<td>Tension nominale<\/td>\n<td>36 V<\/td>\n<\/tr>\n<tr>\n<td>Poids<\/td>\n<td>2,6 kg<\/td>\n<\/tr>\n<tr>\nSyst\u00e8me <\/p>\n<td>de batterie<\/td>\n<td>AP<\/td>\n<\/tr>\n<tr>\n<td>Vitesse max. de l&#8217;air avec buse ronde<\/td>\n<td>78 m\/s<\/td>\n<\/tr>\n<tr>\n<td>Vitesse max. de l&#8217;air avec buse ronde<\/td>\n<td>174 mph<\/td>\n<\/tr>\n<tr>\n<td>D\u00e9bit d&#8217;air avec buse ronde<\/td>\n<td>970 m\u00b3\/h <sup>1)<\/sup><\/td>\n<\/tr>\n<tr>\n<td>Niveau de pression acoustique<\/td>\n<td>80 dB(A) <sup>2)<\/sup><\/td>\n<\/tr>\n<tr>\n<td>Valeur vibratoire droite<\/td>\n<td>0,7 m\/s\u00b2 <sup>3)<\/sup><\/td>\n<\/tr>\n<tr>\n<td>Niveau de pression sonore \u00e0 15 m de distance<\/td>\n<td>57 dB(A) <sup>4)<\/sup><\/td>\n<\/tr>\n<tr>\n<td>Niveau de puissance acoustique<\/td>\n<td>90 dB(A) <sup>2)<\/sup><\/td>\n<\/tr>\n<tr>\n<td>Batterie recommand\u00e9e<\/td>\n<td>AP 300 S<\/td>\n<\/tr>\n<tr>\n<td>Autonomie de la batterie avec AP 300 S<\/td>\n<td>jusqu&#8217;\u00e0 110 min<\/td>\n<\/tr>\n<tr>\n<td>Autonomie de la batterie avec AP 300 S (4)<\/td>\n<td>jusqu&#8217;\u00e0 15 min<\/td>\n<\/tr>\n<tr>\n<td>Indice IP<\/td>\n<td>Norme IPX4<\/td>\n<\/tr>\n<\/tbody>\n<\/table>\n<p>Ensemble compos\u00e9 de :<\/p>\n<p>2 batteries AP 300 S<br \/>\n1 souffleur BGA 160<\/p>\n","protected":false},"excerpt":{"rendered":"<p>Nouveau mod\u00e8le haut de gamme Puissant souffleur \u00e0 batterie pour les applications exigeantes \u00e0 la maison et pour les travaux<\/p>\n","protected":false},"featured_media":579783,"template":"","meta":{"_seopress_robots_primary_cat":"none","_seopress_titles_title":"","_seopress_titles_desc":"","_seopress_robots_index":""},"product_brand":[3366],"product_cat":[29,485,489],"product_tag":[],"class_list":{"0":"post-579788","1":"product","2":"type-product","3":"status-publish","4":"has-post-thumbnail","6":"product_brand-stihl","7":"product_cat-macchinari","8":"product_cat-soffiatori-e-aspiratori","9":"product_cat-soffiatori-a-batteria","10":"sws-gruppo-macchinari-fr","11":"sws-conto-ricavi-merci-rivendita-macchinari-fr","12":"sws-gruppo-iva-iva81-fr","14":"first","15":"onbackorder","16":"sale","17":"shipping-taxable","18":"purchasable","19":"product-type-simple"},"_links":{"self":[{"href":"https:\/\/lucacastelli.com\/fr\/wp-json\/wp\/v2\/product\/579788","targetHints":{"allow":["GET"]}}],"collection":[{"href":"https:\/\/lucacastelli.com\/fr\/wp-json\/wp\/v2\/product"}],"about":[{"href":"https:\/\/lucacastelli.com\/fr\/wp-json\/wp\/v2\/types\/product"}],"wp:featuredmedia":[{"embeddable":true,"href":"https:\/\/lucacastelli.com\/fr\/wp-json\/wp\/v2\/media\/579783"}],"wp:attachment":[{"href":"https:\/\/lucacastelli.com\/fr\/wp-json\/wp\/v2\/media?parent=579788"}],"wp:term":[{"taxonomy":"product_brand","embeddable":true,"href":"https:\/\/lucacastelli.com\/fr\/wp-json\/wp\/v2\/product_brand?post=579788"},{"taxonomy":"product_cat","embeddable":true,"href":"https:\/\/lucacastelli.com\/fr\/wp-json\/wp\/v2\/product_cat?post=579788"},{"taxonomy":"product_tag","embeddable":true,"href":"https:\/\/lucacastelli.com\/fr\/wp-json\/wp\/v2\/product_tag?post=579788"}],"curies":[{"name":"wp","href":"https:\/\/api.w.org\/{rel}","templated":true}]}}