{"id":578203,"date":"2025-08-06T11:27:21","date_gmt":"2025-08-06T09:27:21","guid":{"rendered":"https:\/\/lucacastelli.com\/?post_type=product&#038;p=578203"},"modified":"2025-12-29T23:15:13","modified_gmt":"2025-12-29T22:15:13","slug":"milwaukee-avvitatore-ad-impulsi-compatto-m18-fuel-attacco-%e2%85%9c%e2%80%b3-quadro-f","status":"publish","type":"product","link":"https:\/\/lucacastelli.com\/fr\/produit\/milwaukee-avvitatore-ad-impulsi-compatto-m18-fuel-attacco-%e2%85%9c%e2%80%b3-quadro-f\/","title":{"rendered":"MILWAUKEE Avvitatore ad impulsi compatto M18 FUEL\u2122 attacco \u215c\u2033 quadro F"},"content":{"rendered":"<p>M18 FIW2F38-0X\/AVVITATORI IMPULSI<br \/>\nEroga fino a 339 Nm con massima efficienza;Estremamente compatto: lunghezza totale 124 mm, per applicazioni in spazi ristretti;Sistema con 4 modalit\u00e0 DRIVE CONTROL che permette di scegliere tra quattro diverse impostazioni di velocit\u00e0 e coppia, per la massimizza flessibilit\u00e0 in diverse applicazioni;Modalit\u00e0 Bolt Removal per garantire maggiore controllo in svitatura: diminuzione dei giri una volta allentato il bullone per prevenirne la caduta;Modalit\u00e0 Auto Shut-Off per impredire serraggi in sovracoppia: applicati max 34 Nm di coppia per applicazioni ottimizzate;Illuminazione Tri-LED per illuminare l&#8217;area di lavoro;Anello di frizione 3\/8doganale quadro;Gancio per cintura completamente in metallo;La tecnologia FUEL\u2122 ridefinisce gli elettroutensili a batteria. Il motore brushless, l&#8217;elettronica REDLINK PLUS\u2122 e il pacco batterie REDLITHIUM\u2122 offrono prestazioni e durata superiori;Funziona con tutte le batterie M18\u2122 MILWAUKEE\u00ae<\/p>\n<p>4933478650<br \/>\n4058546348434<\/p>\n","protected":false},"excerpt":{"rendered":"<p>M18 FIW2F38-0X\/AVVITATORI IMPULSI<\/p>\n","protected":false},"featured_media":578204,"template":"","meta":{"_seopress_robots_primary_cat":"","_seopress_titles_title":"","_seopress_titles_desc":"","_seopress_robots_index":""},"product_brand":[3407],"product_cat":[29,549],"product_tag":[3270],"class_list":{"0":"post-578203","1":"product","2":"type-product","3":"status-publish","4":"has-post-thumbnail","6":"product_brand-milwaukee","7":"product_cat-macchinari","8":"product_cat-trapani-e-avvitatori","9":"product_tag-import-milwau","10":"sws-conto-ricavi-merci-rivendita-macchinari-de","11":"sws-gruppo-iva-iva81-de","13":"first","14":"onbackorder","15":"sale","16":"shipping-taxable","17":"purchasable","18":"product-type-simple"},"_links":{"self":[{"href":"https:\/\/lucacastelli.com\/fr\/wp-json\/wp\/v2\/product\/578203","targetHints":{"allow":["GET"]}}],"collection":[{"href":"https:\/\/lucacastelli.com\/fr\/wp-json\/wp\/v2\/product"}],"about":[{"href":"https:\/\/lucacastelli.com\/fr\/wp-json\/wp\/v2\/types\/product"}],"wp:featuredmedia":[{"embeddable":true,"href":"https:\/\/lucacastelli.com\/fr\/wp-json\/wp\/v2\/media\/578204"}],"wp:attachment":[{"href":"https:\/\/lucacastelli.com\/fr\/wp-json\/wp\/v2\/media?parent=578203"}],"wp:term":[{"taxonomy":"product_brand","embeddable":true,"href":"https:\/\/lucacastelli.com\/fr\/wp-json\/wp\/v2\/product_brand?post=578203"},{"taxonomy":"product_cat","embeddable":true,"href":"https:\/\/lucacastelli.com\/fr\/wp-json\/wp\/v2\/product_cat?post=578203"},{"taxonomy":"product_tag","embeddable":true,"href":"https:\/\/lucacastelli.com\/fr\/wp-json\/wp\/v2\/product_tag?post=578203"}],"curies":[{"name":"wp","href":"https:\/\/api.w.org\/{rel}","templated":true}]}}