{"id":577744,"date":"2025-08-04T12:45:19","date_gmt":"2025-08-04T10:45:19","guid":{"rendered":"https:\/\/lucacastelli.com\/prodotto\/stihl-catena-super-3-0-325-1-3-mm-2\/"},"modified":"2025-08-04T12:47:16","modified_gmt":"2025-08-04T10:47:16","slug":"stihl-catena-super-3-0-325-1-3-mm-2","status":"publish","type":"product","link":"https:\/\/lucacastelli.com\/fr\/produit\/stihl-catena-super-3-0-325-1-3-mm-2\/","title":{"rendered":"STIHL Catena SUPER 3 0.325&#8243; 1.3 mm"},"content":{"rendered":"<p>Les Super cha\u00eenes ont un pouvoir de coupe tr\u00e8s \u00e9lev\u00e9. Ce r\u00e9sultat est obtenu gr\u00e2ce \u00e0 la dent de ciseau et \u00e0 la faible r\u00e9sistance au cisaillement. Les super cha\u00eenes sont donc id\u00e9ales pour les professionnels de la sylviculture et de la r\u00e9colte du bois.<\/p>\n","protected":false},"excerpt":{"rendered":"<p>Les Super cha\u00eenes ont un pouvoir de coupe tr\u00e8s \u00e9lev\u00e9. Ce r\u00e9sultat est obtenu gr\u00e2ce \u00e0 la dent de ciseau<\/p>\n","protected":false},"featured_media":577729,"template":"","meta":{"_seopress_robots_primary_cat":"","_seopress_titles_title":"","_seopress_titles_desc":"","_seopress_robots_index":""},"product_brand":[3366],"product_cat":[29,268,504],"product_tag":[],"class_list":{"0":"post-577744","1":"product","2":"type-product","3":"status-publish","4":"has-post-thumbnail","6":"product_brand-stihl","7":"product_cat-macchinari","8":"product_cat-motoseghe","9":"product_cat-catene-e-rotoli","11":"first","12":"instock","13":"shipping-taxable","14":"product-type-variable"},"_links":{"self":[{"href":"https:\/\/lucacastelli.com\/fr\/wp-json\/wp\/v2\/product\/577744","targetHints":{"allow":["GET"]}}],"collection":[{"href":"https:\/\/lucacastelli.com\/fr\/wp-json\/wp\/v2\/product"}],"about":[{"href":"https:\/\/lucacastelli.com\/fr\/wp-json\/wp\/v2\/types\/product"}],"wp:featuredmedia":[{"embeddable":true,"href":"https:\/\/lucacastelli.com\/fr\/wp-json\/wp\/v2\/media\/577729"}],"wp:attachment":[{"href":"https:\/\/lucacastelli.com\/fr\/wp-json\/wp\/v2\/media?parent=577744"}],"wp:term":[{"taxonomy":"product_brand","embeddable":true,"href":"https:\/\/lucacastelli.com\/fr\/wp-json\/wp\/v2\/product_brand?post=577744"},{"taxonomy":"product_cat","embeddable":true,"href":"https:\/\/lucacastelli.com\/fr\/wp-json\/wp\/v2\/product_cat?post=577744"},{"taxonomy":"product_tag","embeddable":true,"href":"https:\/\/lucacastelli.com\/fr\/wp-json\/wp\/v2\/product_tag?post=577744"}],"curies":[{"name":"wp","href":"https:\/\/api.w.org\/{rel}","templated":true}]}}