{"id":577142,"date":"2025-08-04T12:21:20","date_gmt":"2025-08-04T10:21:20","guid":{"rendered":"https:\/\/lucacastelli.com\/prodotto\/stihl-catena-micro-3-rotolo-2\/"},"modified":"2025-08-04T12:23:41","modified_gmt":"2025-08-04T10:23:41","slug":"stihl-catena-micro-3-rotolo-2","status":"publish","type":"product","link":"https:\/\/lucacastelli.com\/fr\/produit\/stihl-catena-micro-3-rotolo-2\/","title":{"rendered":"STIHL Catena MICRO 3 Rotolo"},"content":{"rendered":"<p>Les micro-cha\u00eenes sont particuli\u00e8rement fiables et confortables \u00e0 utiliser. La cha\u00eene \u00e0 dents semi-chisel\u00e9es offre une qualit\u00e9 de coupe \u00e9lev\u00e9e avec de faibles vibrations et est facile \u00e0 aff\u00fbter. Il constitue donc \u00e9galement un excellent choix pour l&#8217;utilisateur occasionnel et pour l&#8217;agriculture.<\/p>\n","protected":false},"excerpt":{"rendered":"<p>Les micro-cha\u00eenes sont particuli\u00e8rement fiables et confortables \u00e0 utiliser. La cha\u00eene \u00e0 dents semi-chisel\u00e9es offre une qualit\u00e9 de coupe \u00e9lev\u00e9e<\/p>\n","protected":false},"featured_media":577131,"template":"","meta":{"_seopress_robots_primary_cat":"","_seopress_titles_title":"","_seopress_titles_desc":"","_seopress_robots_index":""},"product_brand":[3555],"product_cat":[167,1604,1607],"product_tag":[],"class_list":{"0":"post-577142","1":"product","2":"type-product","3":"status-publish","4":"has-post-thumbnail","6":"product_brand-stihl-fr","7":"product_cat-machines","8":"product_cat-tronconneuses","9":"product_cat-chaines-et-enrouleurs","11":"first","12":"instock","13":"shipping-taxable","14":"product-type-variable"},"_links":{"self":[{"href":"https:\/\/lucacastelli.com\/fr\/wp-json\/wp\/v2\/product\/577142","targetHints":{"allow":["GET"]}}],"collection":[{"href":"https:\/\/lucacastelli.com\/fr\/wp-json\/wp\/v2\/product"}],"about":[{"href":"https:\/\/lucacastelli.com\/fr\/wp-json\/wp\/v2\/types\/product"}],"wp:featuredmedia":[{"embeddable":true,"href":"https:\/\/lucacastelli.com\/fr\/wp-json\/wp\/v2\/media\/577131"}],"wp:attachment":[{"href":"https:\/\/lucacastelli.com\/fr\/wp-json\/wp\/v2\/media?parent=577142"}],"wp:term":[{"taxonomy":"product_brand","embeddable":true,"href":"https:\/\/lucacastelli.com\/fr\/wp-json\/wp\/v2\/product_brand?post=577142"},{"taxonomy":"product_cat","embeddable":true,"href":"https:\/\/lucacastelli.com\/fr\/wp-json\/wp\/v2\/product_cat?post=577142"},{"taxonomy":"product_tag","embeddable":true,"href":"https:\/\/lucacastelli.com\/fr\/wp-json\/wp\/v2\/product_tag?post=577142"}],"curies":[{"name":"wp","href":"https:\/\/api.w.org\/{rel}","templated":true}]}}