{"id":576692,"date":"2025-08-04T12:06:09","date_gmt":"2025-08-04T10:06:09","guid":{"rendered":"https:\/\/lucacastelli.com\/prodotto\/stihl-catena-duro-3-3-8-p-1-3-mm-2\/"},"modified":"2026-03-02T09:19:04","modified_gmt":"2026-03-02T08:19:04","slug":"stihl-catena-duro-3-3-8-p-1-3-mm-2","status":"publish","type":"product","link":"https:\/\/lucacastelli.com\/fr\/produit\/stihl-catena-duro-3-3-8-p-1-3-mm-2\/","title":{"rendered":"STIHL Cha\u00eene DURO 3 3\/8&#8243; P 1,3 mm"},"content":{"rendered":"<p>Les cha\u00eenes Duro sont extr\u00eamement robustes et r\u00e9sistantes \u00e0 l\u2019usure. Renforc\u00e9es par du m\u00e9tal dur, elles restent aff\u00fbt\u00e9es dix fois plus longtemps que les cha\u00eenes classiques. Elles sont donc particuli\u00e8rement adapt\u00e9es \u00e0 la coupe de bois sale.  <\/p>\n","protected":false},"excerpt":{"rendered":"<p>Les cha\u00eenes Duro sont extr\u00eamement robustes et r\u00e9sistantes \u00e0 l\u2019usure. Renforc\u00e9es par du m\u00e9tal dur, elles restent aff\u00fbt\u00e9es dix fois<\/p>\n","protected":false},"featured_media":576679,"template":"","meta":{"_seopress_robots_primary_cat":"none","_seopress_titles_title":"","_seopress_titles_desc":"","_seopress_robots_index":""},"product_brand":[3555],"product_cat":[167,1604,1607],"product_tag":[],"class_list":{"0":"post-576692","1":"product","2":"type-product","3":"status-publish","4":"has-post-thumbnail","6":"product_brand-stihl-fr","7":"product_cat-machines","8":"product_cat-tronconneuses","9":"product_cat-chaines-et-enrouleurs","10":"sws-gruppo-macchinari-fr","11":"sws-conto-ricavi-merci-rivendita-macchinari-fr","12":"sws-gruppo-iva-iva81-fr","14":"first","15":"instock","16":"shipping-taxable","17":"purchasable","18":"product-type-variable"},"_links":{"self":[{"href":"https:\/\/lucacastelli.com\/fr\/wp-json\/wp\/v2\/product\/576692","targetHints":{"allow":["GET"]}}],"collection":[{"href":"https:\/\/lucacastelli.com\/fr\/wp-json\/wp\/v2\/product"}],"about":[{"href":"https:\/\/lucacastelli.com\/fr\/wp-json\/wp\/v2\/types\/product"}],"wp:featuredmedia":[{"embeddable":true,"href":"https:\/\/lucacastelli.com\/fr\/wp-json\/wp\/v2\/media\/576679"}],"wp:attachment":[{"href":"https:\/\/lucacastelli.com\/fr\/wp-json\/wp\/v2\/media?parent=576692"}],"wp:term":[{"taxonomy":"product_brand","embeddable":true,"href":"https:\/\/lucacastelli.com\/fr\/wp-json\/wp\/v2\/product_brand?post=576692"},{"taxonomy":"product_cat","embeddable":true,"href":"https:\/\/lucacastelli.com\/fr\/wp-json\/wp\/v2\/product_cat?post=576692"},{"taxonomy":"product_tag","embeddable":true,"href":"https:\/\/lucacastelli.com\/fr\/wp-json\/wp\/v2\/product_tag?post=576692"}],"curies":[{"name":"wp","href":"https:\/\/api.w.org\/{rel}","templated":true}]}}