{"id":576395,"date":"2025-08-04T11:53:45","date_gmt":"2025-08-04T09:53:45","guid":{"rendered":"https:\/\/lucacastelli.com\/prodotto\/stihl-catena-super-3-3-8-1-6-mm-2\/"},"modified":"2026-03-02T09:19:26","modified_gmt":"2026-03-02T08:19:26","slug":"stihl-catena-super-3-3-8-1-6-mm-2","status":"publish","type":"product","link":"https:\/\/lucacastelli.com\/fr\/produit\/stihl-catena-super-3-3-8-1-6-mm-2\/","title":{"rendered":"STIHL Cha\u00eene SUPER 3 3\/8&#8243; 1,6 mm"},"content":{"rendered":"<p>Les cha\u00eenes Super offrent une performance de coupe tr\u00e8s \u00e9lev\u00e9e gr\u00e2ce \u00e0 leur gouge carr\u00e9e et \u00e0 leur faible r\u00e9sistance \u00e0 la coupe. Elles sont donc id\u00e9ales pour la sylviculture professionnelle et l\u2019abattage.  <\/p>\n","protected":false},"excerpt":{"rendered":"<p>Les cha\u00eenes Super offrent une performance de coupe tr\u00e8s \u00e9lev\u00e9e gr\u00e2ce \u00e0 leur gouge carr\u00e9e et \u00e0 leur faible r\u00e9sistance<\/p>\n","protected":false},"featured_media":576386,"template":"","meta":{"_seopress_robots_primary_cat":"none","_seopress_titles_title":"","_seopress_titles_desc":"","_seopress_robots_index":""},"product_brand":[3555],"product_cat":[1607,167,1604],"product_tag":[],"class_list":{"0":"post-576395","1":"product","2":"type-product","3":"status-publish","4":"has-post-thumbnail","6":"product_brand-stihl-fr","7":"product_cat-chaines-et-enrouleurs","8":"product_cat-machines","9":"product_cat-tronconneuses","10":"sws-gruppo-macchinari-fr","11":"sws-conto-ricavi-merci-rivendita-macchinari-fr","12":"sws-gruppo-iva-iva81-fr","14":"first","15":"onbackorder","16":"shipping-taxable","17":"purchasable","18":"product-type-variable"},"_links":{"self":[{"href":"https:\/\/lucacastelli.com\/fr\/wp-json\/wp\/v2\/product\/576395","targetHints":{"allow":["GET"]}}],"collection":[{"href":"https:\/\/lucacastelli.com\/fr\/wp-json\/wp\/v2\/product"}],"about":[{"href":"https:\/\/lucacastelli.com\/fr\/wp-json\/wp\/v2\/types\/product"}],"wp:featuredmedia":[{"embeddable":true,"href":"https:\/\/lucacastelli.com\/fr\/wp-json\/wp\/v2\/media\/576386"}],"wp:attachment":[{"href":"https:\/\/lucacastelli.com\/fr\/wp-json\/wp\/v2\/media?parent=576395"}],"wp:term":[{"taxonomy":"product_brand","embeddable":true,"href":"https:\/\/lucacastelli.com\/fr\/wp-json\/wp\/v2\/product_brand?post=576395"},{"taxonomy":"product_cat","embeddable":true,"href":"https:\/\/lucacastelli.com\/fr\/wp-json\/wp\/v2\/product_cat?post=576395"},{"taxonomy":"product_tag","embeddable":true,"href":"https:\/\/lucacastelli.com\/fr\/wp-json\/wp\/v2\/product_tag?post=576395"}],"curies":[{"name":"wp","href":"https:\/\/api.w.org\/{rel}","templated":true}]}}