{"id":576367,"date":"2025-08-04T11:42:10","date_gmt":"2025-08-04T09:42:10","guid":{"rendered":"https:\/\/lucacastelli.com\/prodotto\/stihl-catena-duro-3-3-8-1-6-mm-2\/"},"modified":"2025-08-04T11:53:42","modified_gmt":"2025-08-04T09:53:42","slug":"stihl-catena-duro-3-3-8-1-6-mm-2","status":"publish","type":"product","link":"https:\/\/lucacastelli.com\/fr\/produit\/stihl-catena-duro-3-3-8-1-6-mm-2\/","title":{"rendered":"STIHL Catena DURO 3 3\/8&#8243; 1.6 mm"},"content":{"rendered":"<p>Les cha\u00eenes Duro sont extr\u00eamement robustes et r\u00e9sistantes \u00e0 l&#8217;usure. Rev\u00eatues de carbure, elles ont une dur\u00e9e d&#8217;aff\u00fbtage dix fois plus longue que les cha\u00eenes traditionnelles. Ils sont donc particuli\u00e8rement adapt\u00e9s \u00e0 la coupe de bois sale.<\/p>\n","protected":false},"excerpt":{"rendered":"<p>Les cha\u00eenes Duro sont extr\u00eamement robustes et r\u00e9sistantes \u00e0 l&#8217;usure. Rev\u00eatues de carbure, elles ont une dur\u00e9e d&#8217;aff\u00fbtage dix fois<\/p>\n","protected":false},"featured_media":576356,"template":"","meta":{"_seopress_robots_primary_cat":"","_seopress_titles_title":"","_seopress_titles_desc":"","_seopress_robots_index":""},"product_brand":[3366],"product_cat":[29,268,504],"product_tag":[],"class_list":{"0":"post-576367","1":"product","2":"type-product","3":"status-publish","4":"has-post-thumbnail","6":"product_brand-stihl","7":"product_cat-macchinari","8":"product_cat-motoseghe","9":"product_cat-catene-e-rotoli","11":"first","12":"instock","13":"shipping-taxable","14":"product-type-variable"},"_links":{"self":[{"href":"https:\/\/lucacastelli.com\/fr\/wp-json\/wp\/v2\/product\/576367","targetHints":{"allow":["GET"]}}],"collection":[{"href":"https:\/\/lucacastelli.com\/fr\/wp-json\/wp\/v2\/product"}],"about":[{"href":"https:\/\/lucacastelli.com\/fr\/wp-json\/wp\/v2\/types\/product"}],"wp:featuredmedia":[{"embeddable":true,"href":"https:\/\/lucacastelli.com\/fr\/wp-json\/wp\/v2\/media\/576356"}],"wp:attachment":[{"href":"https:\/\/lucacastelli.com\/fr\/wp-json\/wp\/v2\/media?parent=576367"}],"wp:term":[{"taxonomy":"product_brand","embeddable":true,"href":"https:\/\/lucacastelli.com\/fr\/wp-json\/wp\/v2\/product_brand?post=576367"},{"taxonomy":"product_cat","embeddable":true,"href":"https:\/\/lucacastelli.com\/fr\/wp-json\/wp\/v2\/product_cat?post=576367"},{"taxonomy":"product_tag","embeddable":true,"href":"https:\/\/lucacastelli.com\/fr\/wp-json\/wp\/v2\/product_tag?post=576367"}],"curies":[{"name":"wp","href":"https:\/\/api.w.org\/{rel}","templated":true}]}}