{"id":576343,"date":"2025-08-04T11:41:33","date_gmt":"2025-08-04T09:41:33","guid":{"rendered":"https:\/\/lucacastelli.com\/prodotto\/stihl-filo-perimetrale-rotolo-300-m-5-5-mm-2\/"},"modified":"2025-08-04T11:41:39","modified_gmt":"2025-08-04T09:41:39","slug":"stihl-filo-perimetrale-rotolo-300-m-5-5-mm-2","status":"publish","type":"product","link":"https:\/\/lucacastelli.com\/fr\/produit\/stihl-filo-perimetrale-rotolo-300-m-5-5-mm-2\/","title":{"rendered":"STIHL Filo perimetrale rotolo 300 m\/5.5 mm"},"content":{"rendered":"<p>Avec le c\u00e2ble p\u00e9riph\u00e9rique STIHL iMOW\u00ae, vous d\u00e9finissez la zone de travail de votre robot de tonte et pouvez en outre d\u00e9limiter facilement les zones \u00e0 ne pas tondre, comme les obstacles. Votre robot de tonte STIHL iMOW\u00ae se d\u00e9place et tond alors exclusivement \u00e0 l&#8217;int\u00e9rieur de la d\u00e9limitation d\u00e9finie. Le c\u00e2ble de d\u00e9limitation a un diam\u00e8tre de 3,4 mm et vous est livr\u00e9 en rouleau de 150 m, ce qui le rend adapt\u00e9 aux petites surfaces de gazon. Pour que le fil reste \u00e0 l&#8217;endroit pr\u00e9vu apr\u00e8s la pose, ancrez-le dans le gazon avec des clous de fixation STIHL AFN 075 ou des clous de fixation Bio. Vous pouvez \u00e0 tout moment ajouter des m\u00e8tres suppl\u00e9mentaires \u00e0 votre c\u00e2ble p\u00e9riph\u00e9rique STIHL iMOW\u00ae en fixant du c\u00e2ble p\u00e9riph\u00e9rique suppl\u00e9mentaire \u00e0 la bordure d\u00e9j\u00e0 pos\u00e9e \u00e0 l&#8217;aide de connecteurs de fil STIHL ADV 010.<\/p>\n<p>Vous trouverez des conseils pratiques pour la pose du fil dans notre guide d&#8217;installation du robot de tonte.<\/p>\n<p>Fil de d\u00e9limitation pour robot de tonte STIHL iMOW\u00ae pour d\u00e9finir la zone d&#8217;utilisation.<br \/>\nConvient pour les pelouses de petite et moyenne taille<br \/>\nConvient \u00e0 tous les mod\u00e8les STIHL iMOW\u00ae<\/p>\n","protected":false},"excerpt":{"rendered":"<p>Avec le c\u00e2ble p\u00e9riph\u00e9rique STIHL iMOW\u00ae, vous d\u00e9finissez la zone de travail de votre robot de tonte et pouvez en<\/p>\n","protected":false},"featured_media":576336,"template":"","meta":{"_seopress_robots_primary_cat":"","_seopress_titles_title":"","_seopress_titles_desc":"","_seopress_robots_index":""},"product_brand":[3366],"product_cat":[29,262,278],"product_tag":[],"class_list":{"0":"post-576343","1":"product","2":"type-product","3":"status-publish","4":"has-post-thumbnail","6":"product_brand-stihl","7":"product_cat-macchinari","8":"product_cat-tosaerba-e-robot","9":"product_cat-robot-tosaerba","11":"first","12":"onbackorder","13":"shipping-taxable","14":"purchasable","15":"product-type-simple"},"_links":{"self":[{"href":"https:\/\/lucacastelli.com\/fr\/wp-json\/wp\/v2\/product\/576343","targetHints":{"allow":["GET"]}}],"collection":[{"href":"https:\/\/lucacastelli.com\/fr\/wp-json\/wp\/v2\/product"}],"about":[{"href":"https:\/\/lucacastelli.com\/fr\/wp-json\/wp\/v2\/types\/product"}],"wp:featuredmedia":[{"embeddable":true,"href":"https:\/\/lucacastelli.com\/fr\/wp-json\/wp\/v2\/media\/576336"}],"wp:attachment":[{"href":"https:\/\/lucacastelli.com\/fr\/wp-json\/wp\/v2\/media?parent=576343"}],"wp:term":[{"taxonomy":"product_brand","embeddable":true,"href":"https:\/\/lucacastelli.com\/fr\/wp-json\/wp\/v2\/product_brand?post=576343"},{"taxonomy":"product_cat","embeddable":true,"href":"https:\/\/lucacastelli.com\/fr\/wp-json\/wp\/v2\/product_cat?post=576343"},{"taxonomy":"product_tag","embeddable":true,"href":"https:\/\/lucacastelli.com\/fr\/wp-json\/wp\/v2\/product_tag?post=576343"}],"curies":[{"name":"wp","href":"https:\/\/api.w.org\/{rel}","templated":true}]}}