{"id":576335,"date":"2025-08-04T11:41:22","date_gmt":"2025-08-04T09:41:22","guid":{"rendered":"https:\/\/lucacastelli.com\/prodotto\/stihl-olio-motore-10-w-30-2\/"},"modified":"2025-08-04T11:42:28","modified_gmt":"2025-08-04T09:42:28","slug":"stihl-olio-motore-10-w-30-2","status":"publish","type":"product","link":"https:\/\/lucacastelli.com\/fr\/produit\/stihl-olio-motore-10-w-30-2\/","title":{"rendered":"STIHL Olio motore 10 W-30"},"content":{"rendered":"<p>Huile moteur multi-cas de haute qualit\u00e9, sp\u00e9cialement d\u00e9velopp\u00e9e pour les exigences des moteurs 4 temps. Excellentes propri\u00e9t\u00e9s de lubrification et de combustion, utilisation toute l&#8217;ann\u00e9e jusqu&#8217;\u00e0 -30 \u00b0C.<\/p>\n","protected":false},"excerpt":{"rendered":"<p>Huile moteur multi-cas de haute qualit\u00e9, sp\u00e9cialement d\u00e9velopp\u00e9e pour les exigences des moteurs 4 temps. Excellentes propri\u00e9t\u00e9s de lubrification et<\/p>\n","protected":false},"featured_media":576328,"template":"","meta":{"_seopress_robots_primary_cat":"","_seopress_titles_title":"","_seopress_titles_desc":"","_seopress_robots_index":""},"product_brand":[3366],"product_cat":[259,260],"product_tag":[],"class_list":{"0":"post-576335","1":"product","2":"type-product","3":"status-publish","4":"has-post-thumbnail","6":"product_brand-stihl","7":"product_cat-carburanti-e-olii","8":"product_cat-lubrificanti","10":"first","11":"instock","12":"shipping-taxable","13":"product-type-variable"},"_links":{"self":[{"href":"https:\/\/lucacastelli.com\/fr\/wp-json\/wp\/v2\/product\/576335","targetHints":{"allow":["GET"]}}],"collection":[{"href":"https:\/\/lucacastelli.com\/fr\/wp-json\/wp\/v2\/product"}],"about":[{"href":"https:\/\/lucacastelli.com\/fr\/wp-json\/wp\/v2\/types\/product"}],"wp:featuredmedia":[{"embeddable":true,"href":"https:\/\/lucacastelli.com\/fr\/wp-json\/wp\/v2\/media\/576328"}],"wp:attachment":[{"href":"https:\/\/lucacastelli.com\/fr\/wp-json\/wp\/v2\/media?parent=576335"}],"wp:term":[{"taxonomy":"product_brand","embeddable":true,"href":"https:\/\/lucacastelli.com\/fr\/wp-json\/wp\/v2\/product_brand?post=576335"},{"taxonomy":"product_cat","embeddable":true,"href":"https:\/\/lucacastelli.com\/fr\/wp-json\/wp\/v2\/product_cat?post=576335"},{"taxonomy":"product_tag","embeddable":true,"href":"https:\/\/lucacastelli.com\/fr\/wp-json\/wp\/v2\/product_tag?post=576335"}],"curies":[{"name":"wp","href":"https:\/\/api.w.org\/{rel}","templated":true}]}}