{"id":576247,"date":"2025-08-04T11:17:52","date_gmt":"2025-08-04T09:17:52","guid":{"rendered":"https:\/\/lucacastelli.com\/prodotto\/stihl-moto4plus-2\/"},"modified":"2026-03-31T19:28:04","modified_gmt":"2026-03-31T17:28:04","slug":"stihl-moto4plus-2","status":"publish","type":"product","link":"https:\/\/lucacastelli.com\/fr\/produit\/stihl-moto4plus-2\/","title":{"rendered":"STIHL MOTO4PLUS"},"content":{"rendered":"<p>Essence \u00e0 outils sp\u00e9cialement d\u00e9velopp\u00e9e pour les petits moteurs \u00e0 4 temps STIHL. Ne contient pas d&#8217;\u00e9thanol, presque pas d&#8217;ol\u00e9fines ni de compos\u00e9s aromatiques. Les faibles \u00e9missions la rendent inoffensive pour l&#8217;homme et le moteur. Excellente dur\u00e9e de conservation, jusqu&#8217;\u00e0 5 ans. Une performance fiable provenant d&#8217;une seule source. Les petits moteurs 4 temps STIHL et STIHL Moto4Plus sont parfaitement adapt\u00e9s et ont subi des dizaines de tests pour une grande vari\u00e9t\u00e9 d&#8217;utilisations.     <\/p>\n<p>Pas pour les moteurs Stihl 4-MIX<\/p>\n","protected":false},"excerpt":{"rendered":"<p>Essence \u00e0 outils sp\u00e9cialement d\u00e9velopp\u00e9e pour les petits moteurs \u00e0 4 temps STIHL. Ne contient pas d&#8217;\u00e9thanol, presque pas d&#8217;ol\u00e9fines<\/p>\n","protected":false},"featured_media":576234,"template":"","meta":{"_seopress_robots_primary_cat":"none","_seopress_titles_title":"","_seopress_titles_desc":"","_seopress_robots_index":""},"product_brand":[3366],"product_cat":[259,265],"product_tag":[],"class_list":{"0":"post-576247","1":"product","2":"type-product","3":"status-publish","4":"has-post-thumbnail","6":"product_brand-stihl","7":"product_cat-carburanti-e-olii","8":"product_cat-carburante","9":"sws-gruppo-macchinari-fr","10":"sws-conto-ricavi-merci-rivendita-carburante-stihl-fr","11":"sws-gruppo-iva-iva81-fr","13":"first","14":"onbackorder","15":"shipping-taxable","16":"purchasable","17":"product-type-variable"},"_links":{"self":[{"href":"https:\/\/lucacastelli.com\/fr\/wp-json\/wp\/v2\/product\/576247","targetHints":{"allow":["GET"]}}],"collection":[{"href":"https:\/\/lucacastelli.com\/fr\/wp-json\/wp\/v2\/product"}],"about":[{"href":"https:\/\/lucacastelli.com\/fr\/wp-json\/wp\/v2\/types\/product"}],"wp:featuredmedia":[{"embeddable":true,"href":"https:\/\/lucacastelli.com\/fr\/wp-json\/wp\/v2\/media\/576234"}],"wp:attachment":[{"href":"https:\/\/lucacastelli.com\/fr\/wp-json\/wp\/v2\/media?parent=576247"}],"wp:term":[{"taxonomy":"product_brand","embeddable":true,"href":"https:\/\/lucacastelli.com\/fr\/wp-json\/wp\/v2\/product_brand?post=576247"},{"taxonomy":"product_cat","embeddable":true,"href":"https:\/\/lucacastelli.com\/fr\/wp-json\/wp\/v2\/product_cat?post=576247"},{"taxonomy":"product_tag","embeddable":true,"href":"https:\/\/lucacastelli.com\/fr\/wp-json\/wp\/v2\/product_tag?post=576247"}],"curies":[{"name":"wp","href":"https:\/\/api.w.org\/{rel}","templated":true}]}}