{"id":576223,"date":"2025-08-04T11:17:20","date_gmt":"2025-08-04T09:17:20","guid":{"rendered":"https:\/\/lucacastelli.com\/prodotto\/stihl-olio-hp-per-motore-a-2-tempi-2\/"},"modified":"2025-08-04T11:17:47","modified_gmt":"2025-08-04T09:17:47","slug":"stihl-olio-hp-per-motore-a-2-tempi-2","status":"publish","type":"product","link":"https:\/\/lucacastelli.com\/fr\/produit\/stihl-olio-hp-per-motore-a-2-tempi-2\/","title":{"rendered":"STIHL Olio HP per motore a 2 tempi"},"content":{"rendered":"<p>Huile moteur \u00e0 base min\u00e9rale, sp\u00e9cialement con\u00e7ue pour les exigences \u00e9lev\u00e9es des outils \u00e9lectriques. Excellentes propri\u00e9t\u00e9s de lubrification et de combustion, JASO-FB, ISO-L-EGB, rapport de m\u00e9lange 1:50, convient \u00e0 tous les moteurs STIHL \u00e0 2 temps.<\/p>\n","protected":false},"excerpt":{"rendered":"<p>Huile moteur \u00e0 base min\u00e9rale, sp\u00e9cialement con\u00e7ue pour les exigences \u00e9lev\u00e9es des outils \u00e9lectriques. Excellentes propri\u00e9t\u00e9s de lubrification et de<\/p>\n","protected":false},"featured_media":576216,"template":"","meta":{"_seopress_robots_primary_cat":"","_seopress_titles_title":"","_seopress_titles_desc":"","_seopress_robots_index":""},"product_brand":[3366],"product_cat":[259,260],"product_tag":[],"class_list":{"0":"post-576223","1":"product","2":"type-product","3":"status-publish","4":"has-post-thumbnail","6":"product_brand-stihl","7":"product_cat-carburanti-e-olii","8":"product_cat-lubrificanti","10":"first","11":"instock","12":"shipping-taxable","13":"product-type-variable"},"_links":{"self":[{"href":"https:\/\/lucacastelli.com\/fr\/wp-json\/wp\/v2\/product\/576223","targetHints":{"allow":["GET"]}}],"collection":[{"href":"https:\/\/lucacastelli.com\/fr\/wp-json\/wp\/v2\/product"}],"about":[{"href":"https:\/\/lucacastelli.com\/fr\/wp-json\/wp\/v2\/types\/product"}],"wp:featuredmedia":[{"embeddable":true,"href":"https:\/\/lucacastelli.com\/fr\/wp-json\/wp\/v2\/media\/576216"}],"wp:attachment":[{"href":"https:\/\/lucacastelli.com\/fr\/wp-json\/wp\/v2\/media?parent=576223"}],"wp:term":[{"taxonomy":"product_brand","embeddable":true,"href":"https:\/\/lucacastelli.com\/fr\/wp-json\/wp\/v2\/product_brand?post=576223"},{"taxonomy":"product_cat","embeddable":true,"href":"https:\/\/lucacastelli.com\/fr\/wp-json\/wp\/v2\/product_cat?post=576223"},{"taxonomy":"product_tag","embeddable":true,"href":"https:\/\/lucacastelli.com\/fr\/wp-json\/wp\/v2\/product_tag?post=576223"}],"curies":[{"name":"wp","href":"https:\/\/api.w.org\/{rel}","templated":true}]}}