{"id":576203,"date":"2025-08-04T11:06:29","date_gmt":"2025-08-04T09:06:29","guid":{"rendered":"https:\/\/lucacastelli.com\/prodotto\/stihl-olio-per-catene-bioplus-2\/"},"modified":"2026-01-28T09:56:21","modified_gmt":"2026-01-28T08:56:21","slug":"stihl-olio-per-catene-bioplus-2","status":"publish","type":"product","link":"https:\/\/lucacastelli.com\/fr\/produit\/stihl-olio-per-catene-bioplus-2\/","title":{"rendered":"STIHL Huile pour cha\u00eene BIOPLUS"},"content":{"rendered":"<p>Huile particuli\u00e8rement \u00e9cologique avec des substances v\u00e9g\u00e9tales aux excellentes propri\u00e9t\u00e9s lubrifiantes et adh\u00e9sives. Rapidement biod\u00e9gradable, r\u00e9compens\u00e9e par le label environnemental europ\u00e9en, test\u00e9e selon la norme OCDE 301 B. Le bidon BioPlus est compos\u00e9 \u00e0 25 % de mat\u00e9riaux recycl\u00e9s. <\/p>\n","protected":false},"excerpt":{"rendered":"<p>Huile particuli\u00e8rement \u00e9cologique avec des substances v\u00e9g\u00e9tales aux excellentes propri\u00e9t\u00e9s lubrifiantes et adh\u00e9sives. Rapidement biod\u00e9gradable, r\u00e9compens\u00e9e par le label environnemental<\/p>\n","protected":false},"featured_media":576196,"template":"","meta":{"_seopress_robots_primary_cat":"","_seopress_titles_title":"","_seopress_titles_desc":"","_seopress_robots_index":""},"product_brand":[3366],"product_cat":[259,260],"product_tag":[],"class_list":{"0":"post-576203","1":"product","2":"type-product","3":"status-publish","4":"has-post-thumbnail","6":"product_brand-stihl","7":"product_cat-carburanti-e-olii","8":"product_cat-lubrificanti","9":"sws-gruppo-macchinari-fr","10":"sws-conto-ricavi-merci-rivendita-carburante-stihl-fr","11":"sws-gruppo-iva-iva81-fr","13":"first","14":"onbackorder","15":"shipping-taxable","16":"purchasable","17":"product-type-variable"},"_links":{"self":[{"href":"https:\/\/lucacastelli.com\/fr\/wp-json\/wp\/v2\/product\/576203","targetHints":{"allow":["GET"]}}],"collection":[{"href":"https:\/\/lucacastelli.com\/fr\/wp-json\/wp\/v2\/product"}],"about":[{"href":"https:\/\/lucacastelli.com\/fr\/wp-json\/wp\/v2\/types\/product"}],"wp:featuredmedia":[{"embeddable":true,"href":"https:\/\/lucacastelli.com\/fr\/wp-json\/wp\/v2\/media\/576196"}],"wp:attachment":[{"href":"https:\/\/lucacastelli.com\/fr\/wp-json\/wp\/v2\/media?parent=576203"}],"wp:term":[{"taxonomy":"product_brand","embeddable":true,"href":"https:\/\/lucacastelli.com\/fr\/wp-json\/wp\/v2\/product_brand?post=576203"},{"taxonomy":"product_cat","embeddable":true,"href":"https:\/\/lucacastelli.com\/fr\/wp-json\/wp\/v2\/product_cat?post=576203"},{"taxonomy":"product_tag","embeddable":true,"href":"https:\/\/lucacastelli.com\/fr\/wp-json\/wp\/v2\/product_tag?post=576203"}],"curies":[{"name":"wp","href":"https:\/\/api.w.org\/{rel}","templated":true}]}}