{"id":576167,"date":"2025-08-04T11:05:37","date_gmt":"2025-08-04T09:05:37","guid":{"rendered":"https:\/\/lucacastelli.com\/prodotto\/stihl-olio-per-catene-synthplus-2\/"},"modified":"2025-08-04T11:06:05","modified_gmt":"2025-08-04T09:06:05","slug":"stihl-olio-per-catene-synthplus-2","status":"publish","type":"product","link":"https:\/\/lucacastelli.com\/fr\/produit\/stihl-olio-per-catene-synthplus-2\/","title":{"rendered":"STIHL Olio per catene SYNTHPLUS"},"content":{"rendered":"<p>Lubrifiant semi-synth\u00e9tique haute performance contre l&#8217;usure et la r\u00e9sinification pendant les longues p\u00e9riodes d&#8217;arr\u00eat. Conditionnement des fluides jusqu&#8217;\u00e0 -25 \u00b0C, avec des huiles fra\u00eeches de haute qualit\u00e9.<\/p>\n","protected":false},"excerpt":{"rendered":"<p>Lubrifiant semi-synth\u00e9tique haute performance contre l&#8217;usure et la r\u00e9sinification pendant les longues p\u00e9riodes d&#8217;arr\u00eat. Conditionnement des fluides jusqu&#8217;\u00e0 -25 \u00b0C,<\/p>\n","protected":false},"featured_media":576160,"template":"","meta":{"_seopress_robots_primary_cat":"","_seopress_titles_title":"","_seopress_titles_desc":"","_seopress_robots_index":""},"product_brand":[3366],"product_cat":[259,260],"product_tag":[],"class_list":{"0":"post-576167","1":"product","2":"type-product","3":"status-publish","4":"has-post-thumbnail","6":"product_brand-stihl","7":"product_cat-carburanti-e-olii","8":"product_cat-lubrificanti","10":"first","11":"instock","12":"shipping-taxable","13":"product-type-variable"},"_links":{"self":[{"href":"https:\/\/lucacastelli.com\/fr\/wp-json\/wp\/v2\/product\/576167","targetHints":{"allow":["GET"]}}],"collection":[{"href":"https:\/\/lucacastelli.com\/fr\/wp-json\/wp\/v2\/product"}],"about":[{"href":"https:\/\/lucacastelli.com\/fr\/wp-json\/wp\/v2\/types\/product"}],"wp:featuredmedia":[{"embeddable":true,"href":"https:\/\/lucacastelli.com\/fr\/wp-json\/wp\/v2\/media\/576160"}],"wp:attachment":[{"href":"https:\/\/lucacastelli.com\/fr\/wp-json\/wp\/v2\/media?parent=576167"}],"wp:term":[{"taxonomy":"product_brand","embeddable":true,"href":"https:\/\/lucacastelli.com\/fr\/wp-json\/wp\/v2\/product_brand?post=576167"},{"taxonomy":"product_cat","embeddable":true,"href":"https:\/\/lucacastelli.com\/fr\/wp-json\/wp\/v2\/product_cat?post=576167"},{"taxonomy":"product_tag","embeddable":true,"href":"https:\/\/lucacastelli.com\/fr\/wp-json\/wp\/v2\/product_tag?post=576167"}],"curies":[{"name":"wp","href":"https:\/\/api.w.org\/{rel}","templated":true}]}}