{"id":576126,"date":"2025-08-04T10:53:20","date_gmt":"2025-08-04T08:53:20","guid":{"rendered":"https:\/\/lucacastelli.com\/prodotto\/stihl-catena-micro-3-3-8-1-6-mm-2\/"},"modified":"2026-03-02T09:21:26","modified_gmt":"2026-03-02T08:21:26","slug":"stihl-catena-micro-3-3-8-1-6-mm-2","status":"publish","type":"product","link":"https:\/\/lucacastelli.com\/fr\/produit\/stihl-catena-micro-3-3-8-1-6-mm-2\/","title":{"rendered":"STIHL Cha\u00eene MICRO 3 3\/8&#8243; 1.6 mm"},"content":{"rendered":"<p>Les cha\u00eenes Micro sont particuli\u00e8rement fiables et confortables \u00e0 utiliser. La cha\u00eene \u00e0 dents semi-gouge offre une qualit\u00e9 de coupe \u00e9lev\u00e9e avec des vibrations r\u00e9duites et s&#8217;aff\u00fbte facilement. Elle constitue donc un excellent choix pour l&#8217;utilisateur occasionnel et pour l&#8217;agriculture.  <\/p>\n","protected":false},"excerpt":{"rendered":"<p>Les cha\u00eenes Micro sont particuli\u00e8rement fiables et confortables \u00e0 utiliser. La cha\u00eene \u00e0 dents semi-gouge offre une qualit\u00e9 de coupe<\/p>\n","protected":false},"featured_media":576117,"template":"","meta":{"_seopress_robots_primary_cat":"none","_seopress_titles_title":"","_seopress_titles_desc":"","_seopress_robots_index":""},"product_brand":[3555],"product_cat":[167,1604,1607],"product_tag":[],"class_list":{"0":"post-576126","1":"product","2":"type-product","3":"status-publish","4":"has-post-thumbnail","6":"product_brand-stihl-fr","7":"product_cat-machines","8":"product_cat-tronconneuses","9":"product_cat-chaines-et-enrouleurs","10":"sws-gruppo-macchinari-fr","11":"sws-conto-ricavi-merci-rivendita-macchinari-fr","12":"sws-gruppo-iva-iva81-fr","14":"first","15":"onbackorder","16":"shipping-taxable","17":"purchasable","18":"product-type-variable"},"_links":{"self":[{"href":"https:\/\/lucacastelli.com\/fr\/wp-json\/wp\/v2\/product\/576126","targetHints":{"allow":["GET"]}}],"collection":[{"href":"https:\/\/lucacastelli.com\/fr\/wp-json\/wp\/v2\/product"}],"about":[{"href":"https:\/\/lucacastelli.com\/fr\/wp-json\/wp\/v2\/types\/product"}],"wp:featuredmedia":[{"embeddable":true,"href":"https:\/\/lucacastelli.com\/fr\/wp-json\/wp\/v2\/media\/576117"}],"wp:attachment":[{"href":"https:\/\/lucacastelli.com\/fr\/wp-json\/wp\/v2\/media?parent=576126"}],"wp:term":[{"taxonomy":"product_brand","embeddable":true,"href":"https:\/\/lucacastelli.com\/fr\/wp-json\/wp\/v2\/product_brand?post=576126"},{"taxonomy":"product_cat","embeddable":true,"href":"https:\/\/lucacastelli.com\/fr\/wp-json\/wp\/v2\/product_cat?post=576126"},{"taxonomy":"product_tag","embeddable":true,"href":"https:\/\/lucacastelli.com\/fr\/wp-json\/wp\/v2\/product_tag?post=576126"}],"curies":[{"name":"wp","href":"https:\/\/api.w.org\/{rel}","templated":true}]}}