{"id":575976,"date":"2025-08-07T06:28:30","date_gmt":"2025-08-07T04:28:30","guid":{"rendered":"https:\/\/lucacastelli.com\/?post_type=product&#038;p=575976"},"modified":"2025-12-29T23:15:28","modified_gmt":"2025-12-29T22:15:28","slug":"milwaukee-laser-lineare-verde-ricaricabile-usb-a-2-linee-con-2-punti-piombo","status":"publish","type":"product","link":"https:\/\/lucacastelli.com\/fr\/produit\/milwaukee-laser-lineare-verde-ricaricabile-usb-a-2-linee-con-2-punti-piombo\/","title":{"rendered":"MILWAUKEE Laser lineare Verde Ricaricabile USB a 2 linee con 2 punti piombo"},"content":{"rendered":"<p>L4 CLLP-301C\/LIVELLE LASER<br \/>\nPermette livellamento orizzontale, allineamento verticale e trasferimento di punti dal pavimento al soffitto;Laser verde ad alta intensit\u00e0 per una visibilit\u00e0 senza compromessi: fino a 4 volte pi\u00f9 visibile dei laser rossi;Portata 30 m (50 m con il ricevitore laser LLD50, 100 m con il ricevitore laser LRD100);La batteria ricaricabile REDLITHIUM\u2122 USB 3.0 Ah garantisce una autonomia di pi\u00f9 di 8 ore;1 batteria REDLITHIUM\u2122 USB 3.0 \u00e8 in grado di sostituire fino a 6.000 batterie alcaline;Sistema del pendolo in 3 modalit\u00e0: Manuale per utilizzo ad ogni angolazione, Auto-livellamento con indicazione di disallineamento con 4\u00b0 di variazione e pendolo Bloccato per maggiore protezione durante il trasporto;Magneti, filettatura 1\/4doganale per treppiede e fori integrati: facile aggancio su acciaio, su legno, treppiede o asta;Rotazione completa del laser con rotellina di microallineamento, per regolazioni precise e rapide;Include alzata di visione piombo per utilizzo a terra;Classe di protezione IP 54, resistenza a cadute da 1 m;Possibilit\u00e0 di ricaricare la batteria REDTLITHIUM\u2122 USB durante l&#8217;uso tramite cavo micro-USB o presa elettrica;Indicatore frontale e laterale dello stato di carica<\/p>\n<p>4933478099<br \/>\n4058546340322<\/p>\n","protected":false},"excerpt":{"rendered":"<p>L4 CLLP-301C\/LIVELLE LASER<\/p>\n","protected":false},"featured_media":575977,"template":"","meta":{"_seopress_robots_primary_cat":"","_seopress_titles_title":"","_seopress_titles_desc":"","_seopress_robots_index":""},"product_brand":[3407],"product_cat":[29,491,514,551],"product_tag":[3270],"class_list":{"0":"post-575976","1":"product","2":"type-product","3":"status-publish","4":"has-post-thumbnail","6":"product_brand-milwaukee","7":"product_cat-macchinari","8":"product_cat-accessori-sistemi-a-batteria","9":"product_cat-altri-dispositivi","10":"product_cat-apparecchi-di-misurazione","11":"product_tag-import-milwau","12":"sws-conto-ricavi-merci-rivendita-macchinari-fr","13":"sws-gruppo-iva-iva81-fr","15":"first","16":"onbackorder","17":"sale","18":"shipping-taxable","19":"purchasable","20":"product-type-simple"},"_links":{"self":[{"href":"https:\/\/lucacastelli.com\/fr\/wp-json\/wp\/v2\/product\/575976","targetHints":{"allow":["GET"]}}],"collection":[{"href":"https:\/\/lucacastelli.com\/fr\/wp-json\/wp\/v2\/product"}],"about":[{"href":"https:\/\/lucacastelli.com\/fr\/wp-json\/wp\/v2\/types\/product"}],"wp:featuredmedia":[{"embeddable":true,"href":"https:\/\/lucacastelli.com\/fr\/wp-json\/wp\/v2\/media\/575977"}],"wp:attachment":[{"href":"https:\/\/lucacastelli.com\/fr\/wp-json\/wp\/v2\/media?parent=575976"}],"wp:term":[{"taxonomy":"product_brand","embeddable":true,"href":"https:\/\/lucacastelli.com\/fr\/wp-json\/wp\/v2\/product_brand?post=575976"},{"taxonomy":"product_cat","embeddable":true,"href":"https:\/\/lucacastelli.com\/fr\/wp-json\/wp\/v2\/product_cat?post=575976"},{"taxonomy":"product_tag","embeddable":true,"href":"https:\/\/lucacastelli.com\/fr\/wp-json\/wp\/v2\/product_tag?post=575976"}],"curies":[{"name":"wp","href":"https:\/\/api.w.org\/{rel}","templated":true}]}}