{"id":575415,"date":"2025-08-04T09:13:39","date_gmt":"2025-08-04T07:13:39","guid":{"rendered":"https:\/\/lucacastelli.com\/prodotto\/stihl-catena-super-3-8-1-6-mm-2\/"},"modified":"2026-03-02T09:20:18","modified_gmt":"2026-03-02T08:20:18","slug":"stihl-catena-super-3-8-1-6-mm-2","status":"publish","type":"product","link":"https:\/\/lucacastelli.com\/fr\/produit\/stihl-catena-super-3-8-1-6-mm-2\/","title":{"rendered":"Cha\u00eene STIHL SUPER 3\/8&#8243; 1,6 mm"},"content":{"rendered":"<p>Les cha\u00eenes Super offrent une performance de coupe tr\u00e8s \u00e9lev\u00e9e gr\u00e2ce \u00e0 leur dent \u00e0 gouge carr\u00e9e et \u00e0 leur faible r\u00e9sistance au sciage. Elles sont id\u00e9ales pour la sylviculture professionnelle et l\u2019exploitation foresti\u00e8re.  <\/p>\n","protected":false},"excerpt":{"rendered":"<p>Les cha\u00eenes Super offrent une performance de coupe tr\u00e8s \u00e9lev\u00e9e gr\u00e2ce \u00e0 leur dent \u00e0 gouge carr\u00e9e et \u00e0 leur<\/p>\n","protected":false},"featured_media":575402,"template":"","meta":{"_seopress_robots_primary_cat":"none","_seopress_titles_title":"","_seopress_titles_desc":"","_seopress_robots_index":""},"product_brand":[3555],"product_cat":[1607,167,1604],"product_tag":[],"class_list":{"0":"post-575415","1":"product","2":"type-product","3":"status-publish","4":"has-post-thumbnail","6":"product_brand-stihl-fr","7":"product_cat-chaines-et-enrouleurs","8":"product_cat-machines","9":"product_cat-tronconneuses","10":"sws-gruppo-macchinari-fr","11":"sws-conto-ricavi-merci-rivendita-macchinari-fr","12":"sws-gruppo-iva-iva81-fr","14":"first","15":"instock","16":"shipping-taxable","17":"purchasable","18":"product-type-variable"},"_links":{"self":[{"href":"https:\/\/lucacastelli.com\/fr\/wp-json\/wp\/v2\/product\/575415","targetHints":{"allow":["GET"]}}],"collection":[{"href":"https:\/\/lucacastelli.com\/fr\/wp-json\/wp\/v2\/product"}],"about":[{"href":"https:\/\/lucacastelli.com\/fr\/wp-json\/wp\/v2\/types\/product"}],"wp:featuredmedia":[{"embeddable":true,"href":"https:\/\/lucacastelli.com\/fr\/wp-json\/wp\/v2\/media\/575402"}],"wp:attachment":[{"href":"https:\/\/lucacastelli.com\/fr\/wp-json\/wp\/v2\/media?parent=575415"}],"wp:term":[{"taxonomy":"product_brand","embeddable":true,"href":"https:\/\/lucacastelli.com\/fr\/wp-json\/wp\/v2\/product_brand?post=575415"},{"taxonomy":"product_cat","embeddable":true,"href":"https:\/\/lucacastelli.com\/fr\/wp-json\/wp\/v2\/product_cat?post=575415"},{"taxonomy":"product_tag","embeddable":true,"href":"https:\/\/lucacastelli.com\/fr\/wp-json\/wp\/v2\/product_tag?post=575415"}],"curies":[{"name":"wp","href":"https:\/\/api.w.org\/{rel}","templated":true}]}}