{"id":575395,"date":"2025-08-04T09:13:08","date_gmt":"2025-08-04T07:13:08","guid":{"rendered":"https:\/\/lucacastelli.com\/prodotto\/stihl-install-kit-1-imow-2\/"},"modified":"2025-08-04T09:13:32","modified_gmt":"2025-08-04T07:13:32","slug":"stihl-install-kit-1-imow-2","status":"publish","type":"product","link":"https:\/\/lucacastelli.com\/fr\/produit\/stihl-install-kit-1-imow-2\/","title":{"rendered":"STIHL INSTALL KIT 1 IMOW"},"content":{"rendered":"<p>KIT D&#8217;INSTALLATION 1 IMOW\u00ae : POUR LIMITER LA ZONE DE TRAVAIL<br \/>\nLe kit d&#8217;installation STIHL Install KIT 1 iMOW\u00ae vous permet de pr\u00e9parer vous-m\u00eame des espaces verts de petite ou moyenne taille pour l&#8217;utilisation de votre robot de tonte STIHL iMOW\u00ae et de d\u00e9finir la zone de travail souhait\u00e9e pour la tonte. Pour cela, il suffit de poser le c\u00e2ble p\u00e9riph\u00e9rique au bord de la pelouse et de le fixer ensuite avec les clous correspondants. Vous trouverez dans le mode d&#8217;emploi de votre robot de tonte STIHL iMOW\u00ae la distance correcte \u00e0 respecter lors de la pose par rapport au bord de la surface \u00e0 tondre.<\/p>\n<p>Le STIHL Install KIT 1 iMOW\u00ae contient un rouleau de 150 m de c\u00e2ble p\u00e9riph\u00e9rique STIHL ARB 151 (\u00d8 3,4 mm) pour d\u00e9finir la zone de travail, 250 clous de fixation STIHL AFN 075 pour ancrer le c\u00e2ble et 3 connecteurs de c\u00e2ble STIHL ADV 010 pour relier plusieurs segments de c\u00e2ble ainsi que des rep\u00e8res de c\u00e2ble. Vous pouvez installer ce kit en m\u00eame temps que votre robot de tonte STIHL iMOW\u00ae.<\/p>\n<p>Bien entendu, vous pouvez toujours confier la pr\u00e9paration et l&#8217;installation de votre robot de tonte iMOW\u00ae \u00e0 votre revendeur STIHL local.<\/p>\n<p>Install KIT 1 iMOW\u00ae pour robot de tonte STIHL iMOW<br \/>\nD\u00e9finit la limite ext\u00e9rieure de la surface de pelouse \u00e0 traiter<br \/>\nConvient aux pelouses de petite et moyenne taille<br \/>\nContient 150 m de fil, 250 clous de fixation, 3 connecteurs de fil et des rep\u00e8res de c\u00e2ble<br \/>\nConvient \u00e0 tous les mod\u00e8les STIHL iMOW\u00ae.<\/p>\n","protected":false},"excerpt":{"rendered":"<p>KIT D&#8217;INSTALLATION 1 IMOW\u00ae : POUR LIMITER LA ZONE DE TRAVAIL Le kit d&#8217;installation STIHL Install KIT 1 iMOW\u00ae vous<\/p>\n","protected":false},"featured_media":575386,"template":"","meta":{"_seopress_robots_primary_cat":"","_seopress_titles_title":"","_seopress_titles_desc":"","_seopress_robots_index":""},"product_brand":[3366],"product_cat":[29,262,278],"product_tag":[],"class_list":{"0":"post-575395","1":"product","2":"type-product","3":"status-publish","4":"has-post-thumbnail","6":"product_brand-stihl","7":"product_cat-macchinari","8":"product_cat-tosaerba-e-robot","9":"product_cat-robot-tosaerba","11":"first","12":"onbackorder","13":"shipping-taxable","14":"purchasable","15":"product-type-simple"},"_links":{"self":[{"href":"https:\/\/lucacastelli.com\/fr\/wp-json\/wp\/v2\/product\/575395","targetHints":{"allow":["GET"]}}],"collection":[{"href":"https:\/\/lucacastelli.com\/fr\/wp-json\/wp\/v2\/product"}],"about":[{"href":"https:\/\/lucacastelli.com\/fr\/wp-json\/wp\/v2\/types\/product"}],"wp:featuredmedia":[{"embeddable":true,"href":"https:\/\/lucacastelli.com\/fr\/wp-json\/wp\/v2\/media\/575386"}],"wp:attachment":[{"href":"https:\/\/lucacastelli.com\/fr\/wp-json\/wp\/v2\/media?parent=575395"}],"wp:term":[{"taxonomy":"product_brand","embeddable":true,"href":"https:\/\/lucacastelli.com\/fr\/wp-json\/wp\/v2\/product_brand?post=575395"},{"taxonomy":"product_cat","embeddable":true,"href":"https:\/\/lucacastelli.com\/fr\/wp-json\/wp\/v2\/product_cat?post=575395"},{"taxonomy":"product_tag","embeddable":true,"href":"https:\/\/lucacastelli.com\/fr\/wp-json\/wp\/v2\/product_tag?post=575395"}],"curies":[{"name":"wp","href":"https:\/\/api.w.org\/{rel}","templated":true}]}}