{"id":575105,"date":"2025-08-04T09:01:30","date_gmt":"2025-08-04T07:01:30","guid":{"rendered":"https:\/\/lucacastelli.com\/prodotto\/stihl-nano-da-giardino-2\/"},"modified":"2025-08-04T09:01:36","modified_gmt":"2025-08-04T07:01:36","slug":"stihl-nano-da-giardino-2","status":"publish","type":"product","link":"https:\/\/lucacastelli.com\/fr\/produit\/stihl-nano-da-giardino-2\/","title":{"rendered":"STIHL Nano da giardino"},"content":{"rendered":"<p>Polyr\u00e9sine, poids 500 g, taille env. 20 cm. Nain de jardin avec tron\u00e7onneuse STIHL et design aux nombreux d\u00e9tails, par ex. pantalon de travail, bottes, chemise \u00e0 carreaux et bretelles.<\/p>\n","protected":false},"excerpt":{"rendered":"<p>Polyr\u00e9sine, poids 500 g, taille env. 20 cm. Nain de jardin avec tron\u00e7onneuse STIHL et design aux nombreux d\u00e9tails, par<\/p>\n","protected":false},"featured_media":575093,"template":"","meta":{"_seopress_robots_primary_cat":"","_seopress_titles_title":"","_seopress_titles_desc":"","_seopress_robots_index":""},"product_brand":[3555],"product_cat":[1477],"product_tag":[],"class_list":{"0":"post-575105","1":"product","2":"type-product","3":"status-publish","4":"has-post-thumbnail","6":"product_brand-stihl-fr","7":"product_cat-shop-fr","9":"first","10":"onbackorder","11":"shipping-taxable","12":"purchasable","13":"product-type-simple"},"_links":{"self":[{"href":"https:\/\/lucacastelli.com\/fr\/wp-json\/wp\/v2\/product\/575105","targetHints":{"allow":["GET"]}}],"collection":[{"href":"https:\/\/lucacastelli.com\/fr\/wp-json\/wp\/v2\/product"}],"about":[{"href":"https:\/\/lucacastelli.com\/fr\/wp-json\/wp\/v2\/types\/product"}],"wp:featuredmedia":[{"embeddable":true,"href":"https:\/\/lucacastelli.com\/fr\/wp-json\/wp\/v2\/media\/575093"}],"wp:attachment":[{"href":"https:\/\/lucacastelli.com\/fr\/wp-json\/wp\/v2\/media?parent=575105"}],"wp:term":[{"taxonomy":"product_brand","embeddable":true,"href":"https:\/\/lucacastelli.com\/fr\/wp-json\/wp\/v2\/product_brand?post=575105"},{"taxonomy":"product_cat","embeddable":true,"href":"https:\/\/lucacastelli.com\/fr\/wp-json\/wp\/v2\/product_cat?post=575105"},{"taxonomy":"product_tag","embeddable":true,"href":"https:\/\/lucacastelli.com\/fr\/wp-json\/wp\/v2\/product_tag?post=575105"}],"curies":[{"name":"wp","href":"https:\/\/api.w.org\/{rel}","templated":true}]}}