{"id":574818,"date":"2025-08-04T08:49:00","date_gmt":"2025-08-04T06:49:00","guid":{"rendered":"https:\/\/lucacastelli.com\/prodotto\/stihl-pantaloni-fs-protect-2\/"},"modified":"2026-03-02T09:21:06","modified_gmt":"2026-03-02T08:21:06","slug":"stihl-pantaloni-fs-protect-2","status":"publish","type":"product","link":"https:\/\/lucacastelli.com\/fr\/produit\/stihl-pantaloni-fs-protect-2\/","title":{"rendered":"STIHL Pantalon FS PROTECT"},"content":{"rendered":"<p>Pantalon de protection pour d\u00e9broussailleuse<\/p>\n<p>Tissu ext\u00e9rieur : 65 % polyester, 35 % coton, Doublure int\u00e9rieure : 100 % polyester<\/p>\n<p>Avec une protection respirante contre les chocs. Couleur verte, longues ouvertures arri\u00e8re pour l&#8217;a\u00e9ration, \u0153illets pour les bretelles FS\u2011, nombreuses poches pratiques.<\/p>\n","protected":false},"excerpt":{"rendered":"<p>Pantalon de protection pour d\u00e9broussailleuse Tissu ext\u00e9rieur : 65 % polyester, 35 % coton, Doublure int\u00e9rieure : 100 % polyester<\/p>\n","protected":false},"featured_media":574803,"template":"","meta":{"_seopress_robots_primary_cat":"","_seopress_titles_title":"","_seopress_titles_desc":"","_seopress_robots_index":""},"product_brand":[3555],"product_cat":[81,1381],"product_tag":[],"class_list":{"0":"post-574818","1":"product","2":"type-product","3":"status-publish","4":"has-post-thumbnail","6":"product_brand-stihl-fr","7":"product_cat-vetements","8":"product_cat-vetements-de-travail","9":"sws-gruppo-abb-libero-fr","10":"sws-conto-ricavi-merci-rivendita-abbigliamento-fr","11":"sws-gruppo-iva-iva81-fr","13":"first","14":"instock","15":"shipping-taxable","16":"purchasable","17":"product-type-variable"},"_links":{"self":[{"href":"https:\/\/lucacastelli.com\/fr\/wp-json\/wp\/v2\/product\/574818","targetHints":{"allow":["GET"]}}],"collection":[{"href":"https:\/\/lucacastelli.com\/fr\/wp-json\/wp\/v2\/product"}],"about":[{"href":"https:\/\/lucacastelli.com\/fr\/wp-json\/wp\/v2\/types\/product"}],"wp:featuredmedia":[{"embeddable":true,"href":"https:\/\/lucacastelli.com\/fr\/wp-json\/wp\/v2\/media\/574803"}],"wp:attachment":[{"href":"https:\/\/lucacastelli.com\/fr\/wp-json\/wp\/v2\/media?parent=574818"}],"wp:term":[{"taxonomy":"product_brand","embeddable":true,"href":"https:\/\/lucacastelli.com\/fr\/wp-json\/wp\/v2\/product_brand?post=574818"},{"taxonomy":"product_cat","embeddable":true,"href":"https:\/\/lucacastelli.com\/fr\/wp-json\/wp\/v2\/product_cat?post=574818"},{"taxonomy":"product_tag","embeddable":true,"href":"https:\/\/lucacastelli.com\/fr\/wp-json\/wp\/v2\/product_tag?post=574818"}],"curies":[{"name":"wp","href":"https:\/\/api.w.org\/{rel}","templated":true}]}}