{"id":574290,"date":"2025-08-04T08:26:25","date_gmt":"2025-08-04T06:26:25","guid":{"rendered":"https:\/\/lucacastelli.com\/prodotto\/stihl-pantaloni-advance-x-flex-2\/"},"modified":"2025-09-05T16:34:30","modified_gmt":"2025-09-05T14:34:30","slug":"stihl-pantaloni-advance-x-flex-2","status":"publish","type":"product","link":"https:\/\/lucacastelli.com\/fr\/produit\/stihl-pantaloni-advance-x-flex-2\/","title":{"rendered":"Pantalon ADVANCE X-FLEX de STIHL"},"content":{"rendered":"<p>Fabriqu\u00e9 exclusivement pour STIHL dans le mat\u00e9riau anti-coupure AVERTIC\u2122 pro lite, ultra-l\u00e9ger et extr\u00eamement respirant : ce mat\u00e9riau \u00e0 six couches est 20 % plus l\u00e9ger que les inserts \u00e0 six couches pr\u00e9c\u00e9dents. Couleur noir et orange de signalisation, structure sp\u00e9ciale de l&#8217;entrejambe pour permettre la libert\u00e9 de mouvement, mat\u00e9riau ext\u00e9rieur particuli\u00e8rement robuste, extensible et respirant, protection extensible et imperm\u00e9able des genoux, protection contre les \u00e9pines et l&#8217;humidit\u00e9 au niveau de la partie inf\u00e9rieure de la jambe, anti-salissures, longues fermetures \u00e9clair pour l&#8217;a\u00e9ration au niveau de la partie arri\u00e8re de la jambe. <\/p>\n<p>Pantalon, niveau de protection 1, mod\u00e8le A (EN ISO 11393)<\/p>\n","protected":false},"excerpt":{"rendered":"<p>Fabriqu\u00e9 exclusivement pour STIHL dans le mat\u00e9riau anti-coupure AVERTIC\u2122 pro lite, ultra-l\u00e9ger et extr\u00eamement respirant : ce mat\u00e9riau \u00e0 six<\/p>\n","protected":false},"featured_media":574271,"template":"","meta":{"_seopress_robots_primary_cat":"","_seopress_titles_title":"","_seopress_titles_desc":"","_seopress_robots_index":""},"product_brand":[3366],"product_cat":[21,284],"product_tag":[],"class_list":{"0":"post-574290","1":"product","2":"type-product","3":"status-publish","4":"has-post-thumbnail","6":"product_brand-stihl","7":"product_cat-abbigliamento","8":"product_cat-abbigliamento-da-lavoro","9":"sws-gruppo-abb-libero-fr","10":"sws-conto-ricavi-merci-rivendita-abbigliamento-fr","11":"sws-gruppo-iva-iva81-fr","13":"first","14":"onbackorder","15":"shipping-taxable","16":"purchasable","17":"product-type-variable"},"_links":{"self":[{"href":"https:\/\/lucacastelli.com\/fr\/wp-json\/wp\/v2\/product\/574290","targetHints":{"allow":["GET"]}}],"collection":[{"href":"https:\/\/lucacastelli.com\/fr\/wp-json\/wp\/v2\/product"}],"about":[{"href":"https:\/\/lucacastelli.com\/fr\/wp-json\/wp\/v2\/types\/product"}],"wp:featuredmedia":[{"embeddable":true,"href":"https:\/\/lucacastelli.com\/fr\/wp-json\/wp\/v2\/media\/574271"}],"wp:attachment":[{"href":"https:\/\/lucacastelli.com\/fr\/wp-json\/wp\/v2\/media?parent=574290"}],"wp:term":[{"taxonomy":"product_brand","embeddable":true,"href":"https:\/\/lucacastelli.com\/fr\/wp-json\/wp\/v2\/product_brand?post=574290"},{"taxonomy":"product_cat","embeddable":true,"href":"https:\/\/lucacastelli.com\/fr\/wp-json\/wp\/v2\/product_cat?post=574290"},{"taxonomy":"product_tag","embeddable":true,"href":"https:\/\/lucacastelli.com\/fr\/wp-json\/wp\/v2\/product_tag?post=574290"}],"curies":[{"name":"wp","href":"https:\/\/api.w.org\/{rel}","templated":true}]}}