{"id":573457,"date":"2025-08-04T07:52:31","date_gmt":"2025-08-04T05:52:31","guid":{"rendered":"https:\/\/lucacastelli.com\/prodotto\/stihl-spranga-guida-rollomatic-e-2\/"},"modified":"2026-03-02T09:21:05","modified_gmt":"2026-03-02T08:21:05","slug":"stihl-spranga-guida-rollomatic-e-2","status":"publish","type":"product","link":"https:\/\/lucacastelli.com\/fr\/produit\/stihl-spranga-guida-rollomatic-e-2\/","title":{"rendered":"STIHL Barre de guidage ROLLOMATIC E"},"content":{"rendered":"<p>Mini :<br \/>\nGuide particuli\u00e8rement \u00e9troit. Pour cha\u00eenes \u00e0 maillons fins avec une \u00e9paisseur de maillon d\u2019entra\u00eenement de 1,1 mm. <\/p>\n<p>Standard :<br \/>\nCorps compos\u00e9 de trois plaques m\u00e9talliques soud\u00e9es par points, dont celle du milieu est largement \u00e9vid\u00e9e. Faible poids, grande stabilit\u00e9, disponible avec petite ou grande t\u00eate. Sans entretien gr\u00e2ce au roulement ferm\u00e9 du pignon de renvoi.  <\/p>\n","protected":false},"excerpt":{"rendered":"<p>Mini : Guide particuli\u00e8rement \u00e9troit. Pour cha\u00eenes \u00e0 maillons fins avec une \u00e9paisseur de maillon d\u2019entra\u00eenement de 1,1 mm. Standard<\/p>\n","protected":false},"featured_media":573448,"template":"","meta":{"_seopress_robots_primary_cat":"none","_seopress_titles_title":"","_seopress_titles_desc":"","_seopress_robots_index":""},"product_brand":[3366],"product_cat":[29,268,524],"product_tag":[],"class_list":{"0":"post-573457","1":"product","2":"type-product","3":"status-publish","4":"has-post-thumbnail","6":"product_brand-stihl","7":"product_cat-macchinari","8":"product_cat-motoseghe","9":"product_cat-spranghe-guida","10":"sws-gruppo-macchinari-fr","11":"sws-conto-ricavi-merci-rivendita-macchinari-fr","12":"sws-gruppo-iva-iva81-fr","14":"first","15":"instock","16":"shipping-taxable","17":"purchasable","18":"product-type-variable"},"_links":{"self":[{"href":"https:\/\/lucacastelli.com\/fr\/wp-json\/wp\/v2\/product\/573457","targetHints":{"allow":["GET"]}}],"collection":[{"href":"https:\/\/lucacastelli.com\/fr\/wp-json\/wp\/v2\/product"}],"about":[{"href":"https:\/\/lucacastelli.com\/fr\/wp-json\/wp\/v2\/types\/product"}],"wp:featuredmedia":[{"embeddable":true,"href":"https:\/\/lucacastelli.com\/fr\/wp-json\/wp\/v2\/media\/573448"}],"wp:attachment":[{"href":"https:\/\/lucacastelli.com\/fr\/wp-json\/wp\/v2\/media?parent=573457"}],"wp:term":[{"taxonomy":"product_brand","embeddable":true,"href":"https:\/\/lucacastelli.com\/fr\/wp-json\/wp\/v2\/product_brand?post=573457"},{"taxonomy":"product_cat","embeddable":true,"href":"https:\/\/lucacastelli.com\/fr\/wp-json\/wp\/v2\/product_cat?post=573457"},{"taxonomy":"product_tag","embeddable":true,"href":"https:\/\/lucacastelli.com\/fr\/wp-json\/wp\/v2\/product_tag?post=573457"}],"curies":[{"name":"wp","href":"https:\/\/api.w.org\/{rel}","templated":true}]}}