{"id":573423,"date":"2025-08-04T07:51:53","date_gmt":"2025-08-04T05:51:53","guid":{"rendered":"https:\/\/lucacastelli.com\/prodotto\/stihl-spranga-guida-duromatic-e-2\/"},"modified":"2026-03-02T09:21:03","modified_gmt":"2026-03-02T08:21:03","slug":"stihl-spranga-guida-duromatic-e-2","status":"publish","type":"product","link":"https:\/\/lucacastelli.com\/fr\/produit\/stihl-spranga-guida-duromatic-e-2\/","title":{"rendered":"STIHL Barre de guidage DUROMATIC E"},"content":{"rendered":"<p>Guide-cha\u00eene int\u00e9gral pour travailler avec des tron\u00e7onneuses de puissance moyenne et \u00e9lev\u00e9e. Extr\u00eamement robuste, pointe du guide-cha\u00eene prot\u00e9g\u00e9e par un rev\u00eatement en m\u00e9tal dur, syst\u00e8me Ematic de STIHL avec orifice d&#8217;huile inclin\u00e9 pour une lubrification optimale. <\/p>\n","protected":false},"excerpt":{"rendered":"<p>Guide-cha\u00eene int\u00e9gral pour travailler avec des tron\u00e7onneuses de puissance moyenne et \u00e9lev\u00e9e. Extr\u00eamement robuste, pointe du guide-cha\u00eene prot\u00e9g\u00e9e par un<\/p>\n","protected":false},"featured_media":573414,"template":"","meta":{"_seopress_robots_primary_cat":"none","_seopress_titles_title":"","_seopress_titles_desc":"","_seopress_robots_index":""},"product_brand":[3555],"product_cat":[1622,167,1604],"product_tag":[],"class_list":{"0":"post-573423","1":"product","2":"type-product","3":"status-publish","4":"has-post-thumbnail","6":"product_brand-stihl-fr","7":"product_cat-guides-chaine","8":"product_cat-machines","9":"product_cat-tronconneuses","10":"sws-gruppo-macchinari-fr","11":"sws-conto-ricavi-merci-rivendita-macchinari-fr","12":"sws-gruppo-iva-iva81-fr","14":"first","15":"onbackorder","16":"shipping-taxable","17":"purchasable","18":"product-type-variable"},"_links":{"self":[{"href":"https:\/\/lucacastelli.com\/fr\/wp-json\/wp\/v2\/product\/573423","targetHints":{"allow":["GET"]}}],"collection":[{"href":"https:\/\/lucacastelli.com\/fr\/wp-json\/wp\/v2\/product"}],"about":[{"href":"https:\/\/lucacastelli.com\/fr\/wp-json\/wp\/v2\/types\/product"}],"wp:featuredmedia":[{"embeddable":true,"href":"https:\/\/lucacastelli.com\/fr\/wp-json\/wp\/v2\/media\/573414"}],"wp:attachment":[{"href":"https:\/\/lucacastelli.com\/fr\/wp-json\/wp\/v2\/media?parent=573423"}],"wp:term":[{"taxonomy":"product_brand","embeddable":true,"href":"https:\/\/lucacastelli.com\/fr\/wp-json\/wp\/v2\/product_brand?post=573423"},{"taxonomy":"product_cat","embeddable":true,"href":"https:\/\/lucacastelli.com\/fr\/wp-json\/wp\/v2\/product_cat?post=573423"},{"taxonomy":"product_tag","embeddable":true,"href":"https:\/\/lucacastelli.com\/fr\/wp-json\/wp\/v2\/product_tag?post=573423"}],"curies":[{"name":"wp","href":"https:\/\/api.w.org\/{rel}","templated":true}]}}