{"id":573411,"date":"2025-08-04T07:51:43","date_gmt":"2025-08-04T05:51:43","guid":{"rendered":"https:\/\/lucacastelli.com\/prodotto\/stihl-rilevatore-umidita-del-legno-2\/"},"modified":"2025-08-04T07:51:48","modified_gmt":"2025-08-04T05:51:48","slug":"stihl-rilevatore-umidita-del-legno-2","status":"publish","type":"product","link":"https:\/\/lucacastelli.com\/fr\/produit\/stihl-rilevatore-umidita-del-legno-2\/","title":{"rendered":"STIHL RILEVATORE UMIDITA&#8217; DEL LEGNO"},"content":{"rendered":"<p>D\u00e9tecteur pratique pour mesurer l&#8217;humidit\u00e9 du bois de chauffage et du bois pour le travail. Le d\u00e9tecteur mesure \u00e9galement l&#8217;humidit\u00e9 de mat\u00e9riaux tels que le pl\u00e2tre ou le b\u00e9ton avec une extr\u00eame pr\u00e9cision. Il indique \u00e9galement la temp\u00e9rature ambiante. La livraison comprend 4 piles. (1,5 V, LR44).<\/p>\n","protected":false},"excerpt":{"rendered":"<p>D\u00e9tecteur pratique pour mesurer l&#8217;humidit\u00e9 du bois de chauffage et du bois pour le travail. Le d\u00e9tecteur mesure \u00e9galement l&#8217;humidit\u00e9<\/p>\n","protected":false},"featured_media":573384,"template":"","meta":{"_seopress_robots_primary_cat":"","_seopress_titles_title":"","_seopress_titles_desc":"","_seopress_robots_index":""},"product_brand":[3555],"product_cat":[1477],"product_tag":[],"class_list":{"0":"post-573411","1":"product","2":"type-product","3":"status-publish","4":"has-post-thumbnail","6":"product_brand-stihl-fr","7":"product_cat-shop-fr","9":"first","10":"onbackorder","11":"shipping-taxable","12":"purchasable","13":"product-type-simple"},"_links":{"self":[{"href":"https:\/\/lucacastelli.com\/fr\/wp-json\/wp\/v2\/product\/573411","targetHints":{"allow":["GET"]}}],"collection":[{"href":"https:\/\/lucacastelli.com\/fr\/wp-json\/wp\/v2\/product"}],"about":[{"href":"https:\/\/lucacastelli.com\/fr\/wp-json\/wp\/v2\/types\/product"}],"wp:featuredmedia":[{"embeddable":true,"href":"https:\/\/lucacastelli.com\/fr\/wp-json\/wp\/v2\/media\/573384"}],"wp:attachment":[{"href":"https:\/\/lucacastelli.com\/fr\/wp-json\/wp\/v2\/media?parent=573411"}],"wp:term":[{"taxonomy":"product_brand","embeddable":true,"href":"https:\/\/lucacastelli.com\/fr\/wp-json\/wp\/v2\/product_brand?post=573411"},{"taxonomy":"product_cat","embeddable":true,"href":"https:\/\/lucacastelli.com\/fr\/wp-json\/wp\/v2\/product_cat?post=573411"},{"taxonomy":"product_tag","embeddable":true,"href":"https:\/\/lucacastelli.com\/fr\/wp-json\/wp\/v2\/product_tag?post=573411"}],"curies":[{"name":"wp","href":"https:\/\/api.w.org\/{rel}","templated":true}]}}