{"id":571973,"date":"2025-08-06T11:27:12","date_gmt":"2025-08-06T09:27:12","guid":{"rendered":"https:\/\/lucacastelli.com\/?post_type=product&#038;p=571973"},"modified":"2025-12-29T23:16:02","modified_gmt":"2025-12-29T22:16:02","slug":"milwaukee-avvitatore-ad-impulsi-silenzioso-%c2%bc%e2%80%b3-esagonale-m18-fuel","status":"publish","type":"product","link":"https:\/\/lucacastelli.com\/fr\/produit\/milwaukee-avvitatore-ad-impulsi-silenzioso-%c2%bc%e2%80%b3-esagonale-m18-fuel\/","title":{"rendered":"MILWAUKEE Avvitatore ad impulsi silenzioso \u00bc\u2033 esagonale M18 FUEL\u2122"},"content":{"rendered":"<p>M18 FQID-0X\/AVVITATORI IMPULSI<br \/>\nL&#8217; avvitatore ad impulsi M18 FUEL\u2122 SURGE\u2122 con attacco 1\/4 pollici esagonale rappresenta la soluzione pi\u00f9 silenziosa sul mercato per avvitare;Il meccanismo idraulico FLUID-DRIVE\u2122 riduce l&#8217;impatto metallo su metallo all&#8217;interno dell&#8217;utensile, effettuando applicazioni pi\u00f9 silenziose, con un funzionamento pi\u00f9 fluido e una maggiore durata nel tempo rispetto al normale avvitatore ad impulsi;Permette di raggiungere prestazioni di avviatura su legno uguali a quelle degli avvitatori ad impulsi brushless;Il motore senza spazzole POWERSTATE\u2122 permette di arrivare fino a 3000 G\/MIN con una potenza costante, per avvitare pi\u00f9 velocemente;Il sistema intelligente REDLINK PLUS\u2122 fornisce una protezione digitale avanzata al sovraccarico per utensili e batterie, e migliora in modo eccezionale le prestazioni dell&#8217;utensile sotto carico;L&#8217;elettronica MILWAUKEE\u00ae DRIVE CONTROL consente di selezionare 4 diverse velocit\u00e0 e regolazioni di coppia, garantendo la massima versatilit\u00e0 per ogni applicazione;La modalit\u00e0 per autoforanti \u00e8 progettata in modo da ridurre la velocit\u00e0 quando la vite inizia ad autofilettarsi, evitando spanatura o rottura della stessa;La batteria REDLITHIUM\u2122 offre una costruzione del pacco batteria superiore, elettronica e prestazioni costanti per offrire pi\u00f9 autonomia e pi\u00f9 lavoro durante la vita della batteria;Il controllo individuale su ogni singola cella ottimizza l&#8217;autonomia e la durata del pacco batterie;Attacco 1\/4 pollici esagonale;Indicatore stato di carica della batteria e luce LED;Compatibile con tutte le batterie MILWAUKEE\u00ae M18\u2122<\/p>\n<p>4933459187<br \/>\n4002395289226<\/p>\n","protected":false},"excerpt":{"rendered":"<p>M18 FQID-0X\/AVVITATORI IMPULSI<\/p>\n","protected":false},"featured_media":571974,"template":"","meta":{"_seopress_robots_primary_cat":"","_seopress_titles_title":"","_seopress_titles_desc":"","_seopress_robots_index":""},"product_brand":[3407],"product_cat":[29,549],"product_tag":[3270],"class_list":{"0":"post-571973","1":"product","2":"type-product","3":"status-publish","4":"has-post-thumbnail","6":"product_brand-milwaukee","7":"product_cat-macchinari","8":"product_cat-trapani-e-avvitatori","9":"product_tag-import-milwau","10":"sws-conto-ricavi-merci-rivendita-macchinari-fr","11":"sws-gruppo-iva-iva81-fr","13":"first","14":"onbackorder","15":"sale","16":"shipping-taxable","17":"purchasable","18":"product-type-simple"},"_links":{"self":[{"href":"https:\/\/lucacastelli.com\/fr\/wp-json\/wp\/v2\/product\/571973","targetHints":{"allow":["GET"]}}],"collection":[{"href":"https:\/\/lucacastelli.com\/fr\/wp-json\/wp\/v2\/product"}],"about":[{"href":"https:\/\/lucacastelli.com\/fr\/wp-json\/wp\/v2\/types\/product"}],"wp:featuredmedia":[{"embeddable":true,"href":"https:\/\/lucacastelli.com\/fr\/wp-json\/wp\/v2\/media\/571974"}],"wp:attachment":[{"href":"https:\/\/lucacastelli.com\/fr\/wp-json\/wp\/v2\/media?parent=571973"}],"wp:term":[{"taxonomy":"product_brand","embeddable":true,"href":"https:\/\/lucacastelli.com\/fr\/wp-json\/wp\/v2\/product_brand?post=571973"},{"taxonomy":"product_cat","embeddable":true,"href":"https:\/\/lucacastelli.com\/fr\/wp-json\/wp\/v2\/product_cat?post=571973"},{"taxonomy":"product_tag","embeddable":true,"href":"https:\/\/lucacastelli.com\/fr\/wp-json\/wp\/v2\/product_tag?post=571973"}],"curies":[{"name":"wp","href":"https:\/\/api.w.org\/{rel}","templated":true}]}}