{"id":571468,"date":"2025-08-07T06:27:00","date_gmt":"2025-08-07T04:27:00","guid":{"rendered":"https:\/\/lucacastelli.com\/?post_type=product&#038;p=571468"},"modified":"2025-08-10T15:44:32","modified_gmt":"2025-08-10T13:44:32","slug":"milwaukee-faro-led-m12","status":"publish","type":"product","link":"https:\/\/lucacastelli.com\/fr\/produit\/milwaukee-faro-led-m12\/","title":{"rendered":"MILWAUKEE Faro LED  M12\u2122"},"content":{"rendered":"<p>M12 AL-0\/ILLUMINAZIONE<br \/>\nL&#8217;illuminazione professionale TRUEVIEW\u2122 consente una grande visibilit\u00e0 dei dettagli ed una fedele rappresentazione dei colori, in pi\u00f9 riduce i riflessi e le ombre;5 LED ad alte prestazioni producono 1000 Lumen di luminosit\u00e0, paragonabile a luci alogene da 250 W;Lenti in policarbonato in grado di resistere a cadute fino a 2.7 metri;Magnetica. Molteplici possibilit\u00e0 di fissaggio su differenti superfici: magneti integrati, meccanismo a morsa e fori per aggancio a viti o chiodi;Design estremamente compatto per supportare lavori di assistenza e manutenzione, in aree ristrette e con poca luminosit\u00e0;Protezione contro polvere e spruzzi d&#8217;acqua (IP54);Indicazione con luce lampeggiante, che segnala la necessit\u00e0 di ricaricare la batteria;Funziona con tutte le batterie M12\u2122<\/p>\n<p>4933451394<br \/>\n4002395158621<\/p>\n","protected":false},"excerpt":{"rendered":"<p>M12 AL-0\/ILLUMINAZIONE<\/p>\n","protected":false},"featured_media":571469,"template":"","meta":{"_seopress_robots_primary_cat":"","_seopress_titles_title":"","_seopress_titles_desc":"","_seopress_robots_index":""},"product_brand":[3407],"product_cat":[5531,29],"product_tag":[3270],"class_list":{"0":"post-571468","1":"product","2":"type-product","3":"status-publish","4":"has-post-thumbnail","6":"product_brand-milwaukee","7":"product_cat-vari-macchinari-milwaukee","8":"product_cat-macchinari","9":"product_tag-import-milwau","10":"sws-conto-ricavi-merci-rivendita-macchinari","11":"sws-gruppo-iva-iva81","13":"first","14":"onbackorder","15":"sale","16":"shipping-taxable","17":"purchasable","18":"product-type-simple"},"_links":{"self":[{"href":"https:\/\/lucacastelli.com\/fr\/wp-json\/wp\/v2\/product\/571468","targetHints":{"allow":["GET"]}}],"collection":[{"href":"https:\/\/lucacastelli.com\/fr\/wp-json\/wp\/v2\/product"}],"about":[{"href":"https:\/\/lucacastelli.com\/fr\/wp-json\/wp\/v2\/types\/product"}],"wp:featuredmedia":[{"embeddable":true,"href":"https:\/\/lucacastelli.com\/fr\/wp-json\/wp\/v2\/media\/571469"}],"wp:attachment":[{"href":"https:\/\/lucacastelli.com\/fr\/wp-json\/wp\/v2\/media?parent=571468"}],"wp:term":[{"taxonomy":"product_brand","embeddable":true,"href":"https:\/\/lucacastelli.com\/fr\/wp-json\/wp\/v2\/product_brand?post=571468"},{"taxonomy":"product_cat","embeddable":true,"href":"https:\/\/lucacastelli.com\/fr\/wp-json\/wp\/v2\/product_cat?post=571468"},{"taxonomy":"product_tag","embeddable":true,"href":"https:\/\/lucacastelli.com\/fr\/wp-json\/wp\/v2\/product_tag?post=571468"}],"curies":[{"name":"wp","href":"https:\/\/api.w.org\/{rel}","templated":true}]}}