{"id":569260,"date":"2025-08-06T12:28:07","date_gmt":"2025-08-06T10:28:07","guid":{"rendered":"https:\/\/lucacastelli.com\/?post_type=product&#038;p=569260"},"modified":"2025-12-29T23:17:40","modified_gmt":"2025-12-29T22:17:40","slug":"milwaukee-trapano-a-percussione-a-2-velocita-da-1020w","status":"publish","type":"product","link":"https:\/\/lucacastelli.com\/fr\/produit\/milwaukee-trapano-a-percussione-a-2-velocita-da-1020w\/","title":{"rendered":"MILWAUKEE Trapano a percussione a 2 velocit\u00e0 da 1020W"},"content":{"rendered":"<p>PD2E 24R\/TRAPANI<br \/>\nPotente motore da 1020 W;Velocit\u00e0 variabile con reversibilit\u00e0;Sistema antivibrazioni AVS per un uso pi\u00f9 confortevole;Scatola ingranaggi in metallo per una maggiore durata;Ricezione diretta per ridurre lunghezza e peso ridotti per una migliore visibilita&#8217; durante l&#8217;applicazione;Frizione di sicurezza per proteggere l&#8217;utilizzatore;Mandrino autoserrante in metallo da 1,5 &#8211; 13 mm;Cavo 4 m<\/p>\n<p>4933419595<br \/>\n4002395238651<\/p>\n","protected":false},"excerpt":{"rendered":"<p>PD2E 24R\/TRAPANI<\/p>\n","protected":false},"featured_media":569261,"template":"","meta":{"_seopress_robots_primary_cat":"","_seopress_titles_title":"","_seopress_titles_desc":"","_seopress_robots_index":""},"product_brand":[3407],"product_cat":[716,514,549],"product_tag":[3270],"class_list":{"0":"post-569260","1":"product","2":"type-product","3":"status-publish","4":"has-post-thumbnail","6":"product_brand-milwaukee","7":"product_cat-altro-abbigliamento-per-il-tempo-libero","8":"product_cat-altri-dispositivi","9":"product_cat-trapani-e-avvitatori","10":"product_tag-import-milwau","11":"sws-conto-ricavi-merci-rivendita-macchinari","12":"sws-gruppo-iva-iva81","14":"first","15":"onbackorder","16":"sale","17":"shipping-taxable","18":"purchasable","19":"product-type-simple"},"_links":{"self":[{"href":"https:\/\/lucacastelli.com\/fr\/wp-json\/wp\/v2\/product\/569260","targetHints":{"allow":["GET"]}}],"collection":[{"href":"https:\/\/lucacastelli.com\/fr\/wp-json\/wp\/v2\/product"}],"about":[{"href":"https:\/\/lucacastelli.com\/fr\/wp-json\/wp\/v2\/types\/product"}],"wp:featuredmedia":[{"embeddable":true,"href":"https:\/\/lucacastelli.com\/fr\/wp-json\/wp\/v2\/media\/569261"}],"wp:attachment":[{"href":"https:\/\/lucacastelli.com\/fr\/wp-json\/wp\/v2\/media?parent=569260"}],"wp:term":[{"taxonomy":"product_brand","embeddable":true,"href":"https:\/\/lucacastelli.com\/fr\/wp-json\/wp\/v2\/product_brand?post=569260"},{"taxonomy":"product_cat","embeddable":true,"href":"https:\/\/lucacastelli.com\/fr\/wp-json\/wp\/v2\/product_cat?post=569260"},{"taxonomy":"product_tag","embeddable":true,"href":"https:\/\/lucacastelli.com\/fr\/wp-json\/wp\/v2\/product_tag?post=569260"}],"curies":[{"name":"wp","href":"https:\/\/api.w.org\/{rel}","templated":true}]}}