{"id":568511,"date":"2025-08-06T13:36:06","date_gmt":"2025-08-06T11:36:06","guid":{"rendered":"https:\/\/lucacastelli.com\/?post_type=product&#038;p=568511"},"modified":"2025-12-30T00:19:52","modified_gmt":"2025-12-29T23:19:52","slug":"milwaukee-smerigliatrice-diritta-bassa-velocita","status":"publish","type":"product","link":"https:\/\/lucacastelli.com\/fr\/produit\/milwaukee-smerigliatrice-diritta-bassa-velocita\/","title":{"rendered":"MILWAUKEE Smerigliatrice diritta bassa velocit\u00e0"},"content":{"rendered":"<p>DG 7 E\/SMERIGLIATRICI DIRITTE<br \/>\nAlbero allungato che permette di raggiungere anche i punti pi\u00f9 difficili;Controllo elettronico della velocit\u00e0;Velocit\u00e0 ridotta ad un massimo di 7.000 g\/min per smerigliare e fresare il metallo;Scatola ingranaggi in metallo per la massima durata<\/p>\n<p>4933391200<br \/>\n4002395231928<\/p>\n","protected":false},"excerpt":{"rendered":"<p>DG 7 E\/SMERIGLIATRICI DIRITTE<\/p>\n","protected":false},"featured_media":568512,"template":"","meta":{"_seopress_robots_primary_cat":"","_seopress_titles_title":"","_seopress_titles_desc":"","_seopress_robots_index":""},"product_brand":[3407],"product_cat":[29,514,555],"product_tag":[3270],"class_list":{"0":"post-568511","1":"product","2":"type-product","3":"status-publish","4":"has-post-thumbnail","6":"product_brand-milwaukee","7":"product_cat-macchinari","8":"product_cat-altri-dispositivi","9":"product_cat-smerigliatrici","10":"product_tag-import-milwau","11":"sws-conto-ricavi-merci-rivendita-macchinari-fr","12":"sws-gruppo-iva-iva81-fr","14":"first","15":"onbackorder","16":"sale","17":"shipping-taxable","18":"purchasable","19":"product-type-simple"},"_links":{"self":[{"href":"https:\/\/lucacastelli.com\/fr\/wp-json\/wp\/v2\/product\/568511","targetHints":{"allow":["GET"]}}],"collection":[{"href":"https:\/\/lucacastelli.com\/fr\/wp-json\/wp\/v2\/product"}],"about":[{"href":"https:\/\/lucacastelli.com\/fr\/wp-json\/wp\/v2\/types\/product"}],"wp:featuredmedia":[{"embeddable":true,"href":"https:\/\/lucacastelli.com\/fr\/wp-json\/wp\/v2\/media\/568512"}],"wp:attachment":[{"href":"https:\/\/lucacastelli.com\/fr\/wp-json\/wp\/v2\/media?parent=568511"}],"wp:term":[{"taxonomy":"product_brand","embeddable":true,"href":"https:\/\/lucacastelli.com\/fr\/wp-json\/wp\/v2\/product_brand?post=568511"},{"taxonomy":"product_cat","embeddable":true,"href":"https:\/\/lucacastelli.com\/fr\/wp-json\/wp\/v2\/product_cat?post=568511"},{"taxonomy":"product_tag","embeddable":true,"href":"https:\/\/lucacastelli.com\/fr\/wp-json\/wp\/v2\/product_tag?post=568511"}],"curies":[{"name":"wp","href":"https:\/\/api.w.org\/{rel}","templated":true}]}}