{"id":560923,"date":"2025-08-03T20:27:24","date_gmt":"2025-08-03T18:27:24","guid":{"rendered":"https:\/\/lucacastelli.com\/prodotto\/stihl-t-shirt-logo-circle-2\/"},"modified":"2025-08-03T20:27:44","modified_gmt":"2025-08-03T18:27:44","slug":"stihl-t-shirt-logo-circle-2","status":"publish","type":"product","link":"https:\/\/lucacastelli.com\/fr\/produit\/stihl-t-shirt-logo-circle-2\/","title":{"rendered":"STIHL T-Shirt LOGO-CIRCLE"},"content":{"rendered":"<p>Qu&#8217;est-ce qui ne devrait pas manquer dans la garde-robe de tout fan ? Bien s\u00fbr &#8211; ce t-shirt l\u00e9gendaire ! Il est bien ajust\u00e9 et confortable \u00e0 porter. Avec un grand imprim\u00e9 &#8220;LEGENDARY PERFORMANCE&#8221; au dos et un discret logo STIHL sur la poitrine gauche. C&#8217;est une fa\u00e7on claire d&#8217;exprimer mon point de vue : je suis un enthousiaste!<\/p>\n","protected":false},"excerpt":{"rendered":"<p>Qu&#8217;est-ce qui ne devrait pas manquer dans la garde-robe de tout fan ? Bien s\u00fbr &#8211; ce t-shirt l\u00e9gendaire !<\/p>\n","protected":false},"featured_media":560912,"template":"","meta":{"_seopress_robots_primary_cat":"","_seopress_titles_title":"","_seopress_titles_desc":"","_seopress_robots_index":""},"product_brand":[3366],"product_cat":[21,189,190],"product_tag":[],"class_list":{"0":"post-560923","1":"product","2":"type-product","3":"status-publish","4":"has-post-thumbnail","6":"product_brand-stihl","7":"product_cat-abbigliamento","8":"product_cat-abbigliamento-per-il-tempo-libero","9":"product_cat-abbigliamento-da-uomo","10":"sws-gruppo-abb-libero-fr","11":"sws-conto-ricavi-merci-rivendita-abbigliamento-fr","12":"sws-gruppo-iva-iva81-fr","14":"first","15":"instock","16":"shipping-taxable","17":"product-type-variable"},"_links":{"self":[{"href":"https:\/\/lucacastelli.com\/fr\/wp-json\/wp\/v2\/product\/560923","targetHints":{"allow":["GET"]}}],"collection":[{"href":"https:\/\/lucacastelli.com\/fr\/wp-json\/wp\/v2\/product"}],"about":[{"href":"https:\/\/lucacastelli.com\/fr\/wp-json\/wp\/v2\/types\/product"}],"wp:featuredmedia":[{"embeddable":true,"href":"https:\/\/lucacastelli.com\/fr\/wp-json\/wp\/v2\/media\/560912"}],"wp:attachment":[{"href":"https:\/\/lucacastelli.com\/fr\/wp-json\/wp\/v2\/media?parent=560923"}],"wp:term":[{"taxonomy":"product_brand","embeddable":true,"href":"https:\/\/lucacastelli.com\/fr\/wp-json\/wp\/v2\/product_brand?post=560923"},{"taxonomy":"product_cat","embeddable":true,"href":"https:\/\/lucacastelli.com\/fr\/wp-json\/wp\/v2\/product_cat?post=560923"},{"taxonomy":"product_tag","embeddable":true,"href":"https:\/\/lucacastelli.com\/fr\/wp-json\/wp\/v2\/product_tag?post=560923"}],"curies":[{"name":"wp","href":"https:\/\/api.w.org\/{rel}","templated":true}]}}