{"id":560900,"date":"2025-08-03T18:36:39","date_gmt":"2025-08-03T16:36:39","guid":{"rendered":"https:\/\/lucacastelli.com\/prodotto\/stihl-ms-181-2\/"},"modified":"2025-08-13T10:38:57","modified_gmt":"2025-08-13T08:38:57","slug":"stihl-ms-181-2","status":"publish","type":"product","link":"https:\/\/lucacastelli.com\/fr\/produit\/stihl-ms-181-2\/","title":{"rendered":"STIHL MS 181"},"content":{"rendered":"<p>L\u00e9ger et compact<\/p>\n<p>Tron\u00e7onneuses l\u00e9g\u00e8res \u00e0 faibles vibrations. \u00c9quipement complet, par exemple syst\u00e8me de filtre \u00e0 air longue dur\u00e9e et syst\u00e8me anti-vibration. Excellente pour la coupe du bois de chauffage, les travaux de menuiserie et l&#8217;abattage de petits arbres. Consommation de carburant r\u00e9duite de 20 % et \u00e9missions de gaz d&#8217;\u00e9chappement r\u00e9duites de 70 % par rapport aux tron\u00e7onneuses classiques.   <\/p>\n<p>Donn\u00e9es techniques<\/p>\n<p>Cylindr\u00e9e cm\u00b3 31.8<br \/>\nPuissance kW\/HP 1.5\/2<br \/>\nPoids kg 1) 4.3<br \/>\nRapport poids\/puissance kg\/kW 2.9<br \/>\nPoids total kg 2) 4.88 \/ 4.98<br \/>\nNiveau de pression acoustique dB(A) 3) 100<br \/>\nNiveau de puissance acoustique dB(A) 3) 112<br \/>\nValeur de vibration gauche\/droite m\/s\u00b2 4) 3.5\/3<br \/>\nCO2 g\/kWh 1.039<br \/>\nPas de la cha\u00eene 3\/8&#8243; P<\/p>\n<p>1) sans carburant, avec guide-cha\u00eene et cha\u00eene<br \/>\n2) sans carburant, avec guide-cha\u00eene et cha\u00eene<br \/>\n3) Facteur K selon RL 2006\/42\/CE = 2,5 dB(A)<br \/>\n4) Facteur K selon RL 2006\/42\/CE = 2 m\/s\u00b2.<\/p>\n","protected":false},"excerpt":{"rendered":"<p>L\u00e9ger et compact Tron\u00e7onneuses l\u00e9g\u00e8res \u00e0 faibles vibrations. \u00c9quipement complet, par exemple syst\u00e8me de filtre \u00e0 air longue dur\u00e9e et<\/p>\n","protected":false},"featured_media":560895,"template":"","meta":{"_seopress_robots_primary_cat":"none","_seopress_titles_title":"","_seopress_titles_desc":"","_seopress_robots_index":""},"product_brand":[3555],"product_cat":[167,1604,1608],"product_tag":[],"class_list":{"0":"post-560900","1":"product","2":"type-product","3":"status-publish","4":"has-post-thumbnail","6":"product_brand-stihl-fr","7":"product_cat-machines","8":"product_cat-tronconneuses","9":"product_cat-tronconneuses-a-moteur","10":"sws-gruppo-macchinari-fr","11":"sws-conto-ricavi-merci-rivendita-macchinari-fr","12":"sws-gruppo-iva-iva81-fr","14":"first","15":"onbackorder","16":"shipping-taxable","17":"purchasable","18":"product-type-variable"},"_links":{"self":[{"href":"https:\/\/lucacastelli.com\/fr\/wp-json\/wp\/v2\/product\/560900","targetHints":{"allow":["GET"]}}],"collection":[{"href":"https:\/\/lucacastelli.com\/fr\/wp-json\/wp\/v2\/product"}],"about":[{"href":"https:\/\/lucacastelli.com\/fr\/wp-json\/wp\/v2\/types\/product"}],"wp:featuredmedia":[{"embeddable":true,"href":"https:\/\/lucacastelli.com\/fr\/wp-json\/wp\/v2\/media\/560895"}],"wp:attachment":[{"href":"https:\/\/lucacastelli.com\/fr\/wp-json\/wp\/v2\/media?parent=560900"}],"wp:term":[{"taxonomy":"product_brand","embeddable":true,"href":"https:\/\/lucacastelli.com\/fr\/wp-json\/wp\/v2\/product_brand?post=560900"},{"taxonomy":"product_cat","embeddable":true,"href":"https:\/\/lucacastelli.com\/fr\/wp-json\/wp\/v2\/product_cat?post=560900"},{"taxonomy":"product_tag","embeddable":true,"href":"https:\/\/lucacastelli.com\/fr\/wp-json\/wp\/v2\/product_tag?post=560900"}],"curies":[{"name":"wp","href":"https:\/\/api.w.org\/{rel}","templated":true}]}}