{"id":560888,"date":"2025-08-03T18:36:19","date_gmt":"2025-08-03T16:36:19","guid":{"rendered":"https:\/\/lucacastelli.com\/prodotto\/stihl-ms-211-c-be-2\/"},"modified":"2025-08-13T10:39:53","modified_gmt":"2025-08-13T08:39:53","slug":"stihl-ms-211-c-be-2","status":"publish","type":"product","link":"https:\/\/lucacastelli.com\/fr\/produit\/stihl-ms-211-c-be-2\/","title":{"rendered":"STIHL MS 211 C-BE"},"content":{"rendered":"<p>Tron\u00e7onneuses modernes, l\u00e9g\u00e8res et confortables avec ErgoStart et tendeur de cha\u00eene rapide.<\/p>\n<p>Tron\u00e7onneuses \u00e0 essence confortables et \u00e0 faibles vibrations pour l&#8217;entretien des pelouses. D\u00e9marrage confortable gr\u00e2ce \u00e0 l&#8217;ErgoStart (E). Changement de cha\u00eene facile gr\u00e2ce au tendeur de cha\u00eene rapide pratique (B). Vibrations extr\u00eamement faibles. \u00c9quipement complet. Syst\u00e8me de filtre \u00e0 longue dur\u00e9e de vie avec pr\u00e9filtre. Conforme aux r\u00e9glementations strictes de l&#8217;UE II et de l&#8217;EPA II en mati\u00e8re de gaz d&#8217;\u00e9chappement. Excellent pour le bois de chauffage, la construction en bois et l&#8217;abattage d&#8217;arbres jusqu&#8217;\u00e0 30 cm de diam\u00e8tre.       <\/p>\n<p>Donn\u00e9es techniques<\/p>\n<p>Cylindr\u00e9e cm\u00b3 35.2<br \/>\nPuissance kW\/HP 1.7\/2.3<br \/>\nPoids kg 1) 4.6<br \/>\nRapport poids\/puissance kg\/kW 2.7<br \/>\nPoids total kg 2) 5.18 \/ 5.18 \/ 5.28 \/ 5,28<br \/>\nNiveau de pression acoustique dB(A) 3) 100<br \/>\nNiveau de puissance acoustique dB(A) 3) 113<br \/>\nValeur de vibration gauche\/droite m\/s\u00b2 4) 3,5\/3,5<br \/>\nCO2 g\/kWh 999<br \/>\nPas de la cha\u00eene 3\/8&#8243; P<\/p>\n<p>1) sans carburant, avec guide-cha\u00eene et cha\u00eene<br \/>\n2) sans carburant, avec guide-cha\u00eene et cha\u00eene<br \/>\n3) Facteur K selon RL 2006\/42\/CE = 2,5 dB(A)<br \/>\n4) Facteur K selon RL 2006\/42\/CE = 2 m\/s\u00b2.<\/p>\n","protected":false},"excerpt":{"rendered":"<p>Tron\u00e7onneuses modernes, l\u00e9g\u00e8res et confortables avec ErgoStart et tendeur de cha\u00eene rapide. Tron\u00e7onneuses \u00e0 essence confortables et \u00e0 faibles vibrations<\/p>\n","protected":false},"featured_media":560883,"template":"","meta":{"_seopress_robots_primary_cat":"none","_seopress_titles_title":"","_seopress_titles_desc":"","_seopress_robots_index":""},"product_brand":[3555],"product_cat":[167,1604,1608],"product_tag":[],"class_list":{"0":"post-560888","1":"product","2":"type-product","3":"status-publish","4":"has-post-thumbnail","6":"product_brand-stihl-fr","7":"product_cat-machines","8":"product_cat-tronconneuses","9":"product_cat-tronconneuses-a-moteur","10":"sws-gruppo-macchinari-fr","11":"sws-conto-ricavi-merci-rivendita-macchinari-fr","12":"sws-gruppo-iva-iva81-fr","14":"first","15":"onbackorder","16":"shipping-taxable","17":"purchasable","18":"product-type-variable"},"_links":{"self":[{"href":"https:\/\/lucacastelli.com\/fr\/wp-json\/wp\/v2\/product\/560888","targetHints":{"allow":["GET"]}}],"collection":[{"href":"https:\/\/lucacastelli.com\/fr\/wp-json\/wp\/v2\/product"}],"about":[{"href":"https:\/\/lucacastelli.com\/fr\/wp-json\/wp\/v2\/types\/product"}],"wp:featuredmedia":[{"embeddable":true,"href":"https:\/\/lucacastelli.com\/fr\/wp-json\/wp\/v2\/media\/560883"}],"wp:attachment":[{"href":"https:\/\/lucacastelli.com\/fr\/wp-json\/wp\/v2\/media?parent=560888"}],"wp:term":[{"taxonomy":"product_brand","embeddable":true,"href":"https:\/\/lucacastelli.com\/fr\/wp-json\/wp\/v2\/product_brand?post=560888"},{"taxonomy":"product_cat","embeddable":true,"href":"https:\/\/lucacastelli.com\/fr\/wp-json\/wp\/v2\/product_cat?post=560888"},{"taxonomy":"product_tag","embeddable":true,"href":"https:\/\/lucacastelli.com\/fr\/wp-json\/wp\/v2\/product_tag?post=560888"}],"curies":[{"name":"wp","href":"https:\/\/api.w.org\/{rel}","templated":true}]}}