{"id":560871,"date":"2025-08-03T18:14:20","date_gmt":"2025-08-03T16:14:20","guid":{"rendered":"https:\/\/lucacastelli.com\/prodotto\/ugello-piatto-curvo-bga-85-2\/"},"modified":"2025-08-03T18:14:25","modified_gmt":"2025-08-03T16:14:25","slug":"ugello-piatto-curvo-bga-85-2","status":"publish","type":"product","link":"https:\/\/lucacastelli.com\/fr\/produit\/ugello-piatto-curvo-bga-85-2\/","title":{"rendered":"Ugello piatto, curvo BGA 85"},"content":{"rendered":"<p>Permet de travailler sur des surfaces \u00e9tendues gr\u00e2ce \u00e0 un souffle d&#8217;air formant un large \u00e9ventail, propuls\u00e9 parall\u00e8lement vers le sol. Pour le BGA 86 et le souffleur CombiSyst\u00e8me BG-KM.<\/p>\n","protected":false},"excerpt":{"rendered":"<p>Permet de travailler sur des surfaces \u00e9tendues gr\u00e2ce \u00e0 un souffle d&#8217;air formant un large \u00e9ventail, propuls\u00e9 parall\u00e8lement vers le<\/p>\n","protected":false},"featured_media":560864,"template":"","meta":{"_seopress_robots_primary_cat":"","_seopress_titles_title":"","_seopress_titles_desc":"","_seopress_robots_index":""},"product_brand":[3555],"product_cat":[167,1651,1643],"product_tag":[],"class_list":{"0":"post-560871","1":"product","2":"type-product","3":"status-publish","4":"has-post-thumbnail","6":"product_brand-stihl-fr","7":"product_cat-machines","8":"product_cat-souffleurs-a-batterie","9":"product_cat-souffleurs-et-aspirateurs","11":"first","12":"onbackorder","13":"shipping-taxable","14":"purchasable","15":"product-type-simple"},"_links":{"self":[{"href":"https:\/\/lucacastelli.com\/fr\/wp-json\/wp\/v2\/product\/560871","targetHints":{"allow":["GET"]}}],"collection":[{"href":"https:\/\/lucacastelli.com\/fr\/wp-json\/wp\/v2\/product"}],"about":[{"href":"https:\/\/lucacastelli.com\/fr\/wp-json\/wp\/v2\/types\/product"}],"wp:featuredmedia":[{"embeddable":true,"href":"https:\/\/lucacastelli.com\/fr\/wp-json\/wp\/v2\/media\/560864"}],"wp:attachment":[{"href":"https:\/\/lucacastelli.com\/fr\/wp-json\/wp\/v2\/media?parent=560871"}],"wp:term":[{"taxonomy":"product_brand","embeddable":true,"href":"https:\/\/lucacastelli.com\/fr\/wp-json\/wp\/v2\/product_brand?post=560871"},{"taxonomy":"product_cat","embeddable":true,"href":"https:\/\/lucacastelli.com\/fr\/wp-json\/wp\/v2\/product_cat?post=560871"},{"taxonomy":"product_tag","embeddable":true,"href":"https:\/\/lucacastelli.com\/fr\/wp-json\/wp\/v2\/product_tag?post=560871"}],"curies":[{"name":"wp","href":"https:\/\/api.w.org\/{rel}","templated":true}]}}