{"id":560847,"date":"2025-08-03T18:02:32","date_gmt":"2025-08-03T16:02:32","guid":{"rendered":"https:\/\/lucacastelli.com\/prodotto\/stihl-funktionsshirt-score-damen-2\/"},"modified":"2025-09-05T17:31:53","modified_gmt":"2025-09-05T15:31:53","slug":"stihl-funktionsshirt-score-damen-2","status":"publish","type":"product","link":"https:\/\/lucacastelli.com\/fr\/produit\/stihl-funktionsshirt-score-damen-2\/","title":{"rendered":"STIHL Funktionsshirt SCORE Damen"},"content":{"rendered":"<p>Id\u00e9al pour l&#8217;entra\u00eenement : le maillot fonctionnel respirant avec l&#8217;impression du logo STIHL TIMBERSPORTS\u00ae sur la poitrine et une r\u00e9p\u00e9tition de petites haches crois\u00e9es sur les empi\u00e8cements de la ceinture.<\/p>\n","protected":false},"excerpt":{"rendered":"<p>Id\u00e9al pour l&#8217;entra\u00eenement : le maillot fonctionnel respirant avec l&#8217;impression du logo STIHL TIMBERSPORTS\u00ae sur la poitrine et une r\u00e9p\u00e9tition<\/p>\n","protected":false},"featured_media":560836,"template":"","meta":{"_seopress_robots_primary_cat":"","_seopress_titles_title":"","_seopress_titles_desc":"","_seopress_robots_index":""},"product_brand":[3366],"product_cat":[21,200],"product_tag":[],"class_list":{"0":"post-560847","1":"product","2":"type-product","3":"status-publish","4":"has-post-thumbnail","6":"product_brand-stihl","7":"product_cat-abbigliamento","8":"product_cat-abbigliamento-da-donna","9":"sws-gruppo-abb-libero-fr","10":"sws-conto-ricavi-merci-rivendita-abbigliamento-fr","11":"sws-gruppo-iva-iva81-fr","13":"first","14":"instock","15":"shipping-taxable","16":"purchasable","17":"product-type-variable"},"_links":{"self":[{"href":"https:\/\/lucacastelli.com\/fr\/wp-json\/wp\/v2\/product\/560847","targetHints":{"allow":["GET"]}}],"collection":[{"href":"https:\/\/lucacastelli.com\/fr\/wp-json\/wp\/v2\/product"}],"about":[{"href":"https:\/\/lucacastelli.com\/fr\/wp-json\/wp\/v2\/types\/product"}],"wp:featuredmedia":[{"embeddable":true,"href":"https:\/\/lucacastelli.com\/fr\/wp-json\/wp\/v2\/media\/560836"}],"wp:attachment":[{"href":"https:\/\/lucacastelli.com\/fr\/wp-json\/wp\/v2\/media?parent=560847"}],"wp:term":[{"taxonomy":"product_brand","embeddable":true,"href":"https:\/\/lucacastelli.com\/fr\/wp-json\/wp\/v2\/product_brand?post=560847"},{"taxonomy":"product_cat","embeddable":true,"href":"https:\/\/lucacastelli.com\/fr\/wp-json\/wp\/v2\/product_cat?post=560847"},{"taxonomy":"product_tag","embeddable":true,"href":"https:\/\/lucacastelli.com\/fr\/wp-json\/wp\/v2\/product_tag?post=560847"}],"curies":[{"name":"wp","href":"https:\/\/api.w.org\/{rel}","templated":true}]}}