{"id":560759,"date":"2025-08-03T12:30:21","date_gmt":"2025-08-03T10:30:21","guid":{"rendered":"https:\/\/lucacastelli.com\/prodotto\/stihl-t-shirt-kids-timbersports-2\/"},"modified":"2025-08-03T12:30:51","modified_gmt":"2025-08-03T10:30:51","slug":"stihl-t-shirt-kids-timbersports-2","status":"publish","type":"product","link":"https:\/\/lucacastelli.com\/fr\/produit\/stihl-t-shirt-kids-timbersports-2\/","title":{"rendered":"STIHL T-Shirt KIDS TIMBERSPORTS"},"content":{"rendered":"<p>Fans et b\u00fbcherons, prenez note : si vous voulez montrer votre soutien \u00e0 STIHL TIMBERSPORTS\u00ae, il y a maintenant le T-shirt parfait en noir avec le logo STIHL imprim\u00e9 en orange et blanc. D&#8217;ailleurs, il est \u00e9galement confortable \u00e0 porter, car m\u00eame le plus ardent des fans l&#8217;aime doux et c\u00e2lin contre la peau.<\/p>\n","protected":false},"excerpt":{"rendered":"<p>Fans et b\u00fbcherons, prenez note : si vous voulez montrer votre soutien \u00e0 STIHL TIMBERSPORTS\u00ae, il y a maintenant le<\/p>\n","protected":false},"featured_media":560748,"template":"","meta":{"_seopress_robots_primary_cat":"","_seopress_titles_title":"","_seopress_titles_desc":"","_seopress_robots_index":""},"product_brand":[3555],"product_cat":[81,1384],"product_tag":[],"class_list":{"0":"post-560759","1":"product","2":"type-product","3":"status-publish","4":"has-post-thumbnail","6":"product_brand-stihl-fr","7":"product_cat-vetements","8":"product_cat-vetements-pour-enfants","9":"sws-gruppo-abb-libero-fr","10":"sws-conto-ricavi-merci-rivendita-abbigliamento-fr","11":"sws-gruppo-iva-iva81-fr","13":"first","14":"instock","15":"shipping-taxable","16":"product-type-variable"},"_links":{"self":[{"href":"https:\/\/lucacastelli.com\/fr\/wp-json\/wp\/v2\/product\/560759","targetHints":{"allow":["GET"]}}],"collection":[{"href":"https:\/\/lucacastelli.com\/fr\/wp-json\/wp\/v2\/product"}],"about":[{"href":"https:\/\/lucacastelli.com\/fr\/wp-json\/wp\/v2\/types\/product"}],"wp:featuredmedia":[{"embeddable":true,"href":"https:\/\/lucacastelli.com\/fr\/wp-json\/wp\/v2\/media\/560748"}],"wp:attachment":[{"href":"https:\/\/lucacastelli.com\/fr\/wp-json\/wp\/v2\/media?parent=560759"}],"wp:term":[{"taxonomy":"product_brand","embeddable":true,"href":"https:\/\/lucacastelli.com\/fr\/wp-json\/wp\/v2\/product_brand?post=560759"},{"taxonomy":"product_cat","embeddable":true,"href":"https:\/\/lucacastelli.com\/fr\/wp-json\/wp\/v2\/product_cat?post=560759"},{"taxonomy":"product_tag","embeddable":true,"href":"https:\/\/lucacastelli.com\/fr\/wp-json\/wp\/v2\/product_tag?post=560759"}],"curies":[{"name":"wp","href":"https:\/\/api.w.org\/{rel}","templated":true}]}}