{"id":560704,"date":"2025-08-03T12:18:08","date_gmt":"2025-08-03T10:18:08","guid":{"rendered":"https:\/\/lucacastelli.com\/prodotto\/stihl-palla-per-albero-di-natale-icon-2\/"},"modified":"2025-11-15T17:07:55","modified_gmt":"2025-11-15T16:07:55","slug":"stihl-palla-per-albero-di-natale-icon-2","status":"publish","type":"product","link":"https:\/\/lucacastelli.com\/fr\/produit\/stihl-palla-per-albero-di-natale-icon-2\/","title":{"rendered":"STIHL Palla per albero di natale &#8216;ICON&#8217;"},"content":{"rendered":"<p>Flocons de neige, sapins, tron\u00e7onneuses &#8211; ce motif orne la collection capsule d&#8217;hiver STIHL en 2022. Mais chez STIHL, on ne peut pas seulement acheter des pulls ou des \u00e9charpes, mais m\u00eame des boules de No\u00ebl assorties \u00e0 la tenue. Disponibles par lot de quatre, elles ne sont pas du tout douillettes. En revanche, elles sont magnifiques \u00e0 regarder. Les boules sont orange avec une impression blanche. <\/p>\n","protected":false},"excerpt":{"rendered":"<p>Flocons de neige, sapins, tron\u00e7onneuses &#8211; ce motif orne la collection capsule d&#8217;hiver STIHL en 2022. Mais chez STIHL, on<\/p>\n","protected":false},"featured_media":560684,"template":"","meta":{"_seopress_robots_primary_cat":"","_seopress_titles_title":"","_seopress_titles_desc":"","_seopress_robots_index":""},"product_brand":[3366],"product_cat":[1103],"product_tag":[],"class_list":{"0":"post-560704","1":"product","2":"type-product","3":"status-publish","4":"has-post-thumbnail","6":"product_brand-stihl","7":"product_cat-shops","9":"first","10":"onbackorder","11":"shipping-taxable","12":"purchasable","13":"product-type-simple"},"_links":{"self":[{"href":"https:\/\/lucacastelli.com\/fr\/wp-json\/wp\/v2\/product\/560704","targetHints":{"allow":["GET"]}}],"collection":[{"href":"https:\/\/lucacastelli.com\/fr\/wp-json\/wp\/v2\/product"}],"about":[{"href":"https:\/\/lucacastelli.com\/fr\/wp-json\/wp\/v2\/types\/product"}],"wp:featuredmedia":[{"embeddable":true,"href":"https:\/\/lucacastelli.com\/fr\/wp-json\/wp\/v2\/media\/560684"}],"wp:attachment":[{"href":"https:\/\/lucacastelli.com\/fr\/wp-json\/wp\/v2\/media?parent=560704"}],"wp:term":[{"taxonomy":"product_brand","embeddable":true,"href":"https:\/\/lucacastelli.com\/fr\/wp-json\/wp\/v2\/product_brand?post=560704"},{"taxonomy":"product_cat","embeddable":true,"href":"https:\/\/lucacastelli.com\/fr\/wp-json\/wp\/v2\/product_cat?post=560704"},{"taxonomy":"product_tag","embeddable":true,"href":"https:\/\/lucacastelli.com\/fr\/wp-json\/wp\/v2\/product_tag?post=560704"}],"curies":[{"name":"wp","href":"https:\/\/api.w.org\/{rel}","templated":true}]}}