{"id":560646,"date":"2025-08-03T12:16:58","date_gmt":"2025-08-03T10:16:58","guid":{"rendered":"https:\/\/lucacastelli.com\/prodotto\/stihl-guanti-da-lavoro-per-bambini-2\/"},"modified":"2025-08-03T12:17:58","modified_gmt":"2025-08-03T10:17:58","slug":"stihl-guanti-da-lavoro-per-bambini-2","status":"publish","type":"product","link":"https:\/\/lucacastelli.com\/fr\/produit\/stihl-guanti-da-lavoro-per-bambini-2\/","title":{"rendered":"STIHL Guanti da lavoro per bambini"},"content":{"rendered":"<p>La partie sup\u00e9rieure des gants est constitu\u00e9e d&#8217;un m\u00e9lange de mat\u00e9riaux \u00e9lastiques et pr\u00e9sente un logo STIHL bien visible. La partie inf\u00e9rieure des gants est fabriqu\u00e9e en cuir artificiel robuste. Cela rend les jeux en plein air encore plus amusants !<\/p>\n","protected":false},"excerpt":{"rendered":"<p>La partie sup\u00e9rieure des gants est constitu\u00e9e d&#8217;un m\u00e9lange de mat\u00e9riaux \u00e9lastiques et pr\u00e9sente un logo STIHL bien visible. La<\/p>\n","protected":false},"featured_media":560635,"template":"","meta":{"_seopress_robots_primary_cat":"","_seopress_titles_title":"","_seopress_titles_desc":"","_seopress_robots_index":""},"product_brand":[3366],"product_cat":[21,685],"product_tag":[],"class_list":{"0":"post-560646","1":"product","2":"type-product","3":"status-publish","4":"has-post-thumbnail","6":"product_brand-stihl","7":"product_cat-abbigliamento","8":"product_cat-abbigliamento-da-bambino","9":"sws-gruppo-abb-libero-fr","10":"sws-conto-ricavi-merci-rivendita-abbigliamento-fr","11":"sws-gruppo-iva-iva81-fr","13":"first","14":"instock","15":"shipping-taxable","16":"product-type-variable"},"_links":{"self":[{"href":"https:\/\/lucacastelli.com\/fr\/wp-json\/wp\/v2\/product\/560646","targetHints":{"allow":["GET"]}}],"collection":[{"href":"https:\/\/lucacastelli.com\/fr\/wp-json\/wp\/v2\/product"}],"about":[{"href":"https:\/\/lucacastelli.com\/fr\/wp-json\/wp\/v2\/types\/product"}],"wp:featuredmedia":[{"embeddable":true,"href":"https:\/\/lucacastelli.com\/fr\/wp-json\/wp\/v2\/media\/560635"}],"wp:attachment":[{"href":"https:\/\/lucacastelli.com\/fr\/wp-json\/wp\/v2\/media?parent=560646"}],"wp:term":[{"taxonomy":"product_brand","embeddable":true,"href":"https:\/\/lucacastelli.com\/fr\/wp-json\/wp\/v2\/product_brand?post=560646"},{"taxonomy":"product_cat","embeddable":true,"href":"https:\/\/lucacastelli.com\/fr\/wp-json\/wp\/v2\/product_cat?post=560646"},{"taxonomy":"product_tag","embeddable":true,"href":"https:\/\/lucacastelli.com\/fr\/wp-json\/wp\/v2\/product_tag?post=560646"}],"curies":[{"name":"wp","href":"https:\/\/api.w.org\/{rel}","templated":true}]}}