{"id":560596,"date":"2025-08-03T12:15:50","date_gmt":"2025-08-03T10:15:50","guid":{"rendered":"https:\/\/lucacastelli.com\/prodotto\/stihl-t-shirt-msa-300-2\/"},"modified":"2025-12-12T21:43:37","modified_gmt":"2025-12-12T20:43:37","slug":"stihl-t-shirt-msa-300-2","status":"publish","type":"product","link":"https:\/\/lucacastelli.com\/fr\/produit\/stihl-t-shirt-msa-300-2\/","title":{"rendered":"STIHL T-Shirt MSA 300"},"content":{"rendered":"<p>MSA 300 est synonyme d&#8217;innovation, de rapidit\u00e9 et de pr\u00e9cision. C&#8217;est \u00e9galement le message du nouveau T-shirt. La grande empreinte frontale de la tron\u00e7onneuse fait une belle impression.<\/p>\n","protected":false},"excerpt":{"rendered":"<p>MSA 300 est synonyme d&#8217;innovation, de rapidit\u00e9 et de pr\u00e9cision. C&#8217;est \u00e9galement le message du nouveau T-shirt. La grande empreinte<\/p>\n","protected":false},"featured_media":560572,"template":"","meta":{"_seopress_robots_primary_cat":"","_seopress_titles_title":"","_seopress_titles_desc":"","_seopress_robots_index":""},"product_brand":[3366],"product_cat":[21,189,190],"product_tag":[],"class_list":{"0":"post-560596","1":"product","2":"type-product","3":"status-publish","4":"has-post-thumbnail","6":"product_brand-stihl","7":"product_cat-abbigliamento","8":"product_cat-abbigliamento-per-il-tempo-libero","9":"product_cat-abbigliamento-da-uomo","10":"sws-gruppo-abb-libero-fr","11":"sws-conto-ricavi-merci-rivendita-abbigliamento-fr","12":"sws-gruppo-iva-iva81-fr","14":"first","15":"instock","16":"shipping-taxable","17":"purchasable","18":"product-type-variable"},"_links":{"self":[{"href":"https:\/\/lucacastelli.com\/fr\/wp-json\/wp\/v2\/product\/560596","targetHints":{"allow":["GET"]}}],"collection":[{"href":"https:\/\/lucacastelli.com\/fr\/wp-json\/wp\/v2\/product"}],"about":[{"href":"https:\/\/lucacastelli.com\/fr\/wp-json\/wp\/v2\/types\/product"}],"wp:featuredmedia":[{"embeddable":true,"href":"https:\/\/lucacastelli.com\/fr\/wp-json\/wp\/v2\/media\/560572"}],"wp:attachment":[{"href":"https:\/\/lucacastelli.com\/fr\/wp-json\/wp\/v2\/media?parent=560596"}],"wp:term":[{"taxonomy":"product_brand","embeddable":true,"href":"https:\/\/lucacastelli.com\/fr\/wp-json\/wp\/v2\/product_brand?post=560596"},{"taxonomy":"product_cat","embeddable":true,"href":"https:\/\/lucacastelli.com\/fr\/wp-json\/wp\/v2\/product_cat?post=560596"},{"taxonomy":"product_tag","embeddable":true,"href":"https:\/\/lucacastelli.com\/fr\/wp-json\/wp\/v2\/product_tag?post=560596"}],"curies":[{"name":"wp","href":"https:\/\/api.w.org\/{rel}","templated":true}]}}