{"id":560567,"date":"2025-08-03T12:15:14","date_gmt":"2025-08-03T10:15:14","guid":{"rendered":"https:\/\/lucacastelli.com\/prodotto\/stihl-palla-per-albero-di-natale-kiss-my-axe-2\/"},"modified":"2025-08-03T12:15:19","modified_gmt":"2025-08-03T10:15:19","slug":"stihl-palla-per-albero-di-natale-kiss-my-axe-2","status":"publish","type":"product","link":"https:\/\/lucacastelli.com\/fr\/produit\/stihl-palla-per-albero-di-natale-kiss-my-axe-2\/","title":{"rendered":"STIHL Palla per albero di natale &#8216;KISS MY AXE&#8217;"},"content":{"rendered":"<p>Pour les super fans : la boule de No\u00ebl TIMBERSPORTS \u00ae en \u00e9dition sp\u00e9ciale &#8220;Kiss My Axe&#8221;. Celui qui accroche cette boule au sapin fait une d\u00e9claration. La boule de No\u00ebl est noire avec le logo imprim\u00e9. Cette d\u00e9coration d&#8217;arbre est \u00e9galement belle en combinaison avec les autres boules de No\u00ebl STIHL.<\/p>\n","protected":false},"excerpt":{"rendered":"<p>Pour les super fans : la boule de No\u00ebl TIMBERSPORTS \u00ae en \u00e9dition sp\u00e9ciale &#8220;Kiss My Axe&#8221;. Celui qui accroche<\/p>\n","protected":false},"featured_media":560543,"template":"","meta":{"_seopress_robots_primary_cat":"","_seopress_titles_title":"","_seopress_titles_desc":"","_seopress_robots_index":""},"product_brand":[3366],"product_cat":[1103],"product_tag":[],"class_list":{"0":"post-560567","1":"product","2":"type-product","3":"status-publish","4":"has-post-thumbnail","6":"product_brand-stihl","7":"product_cat-shops","9":"first","10":"onbackorder","11":"shipping-taxable","12":"purchasable","13":"product-type-simple"},"_links":{"self":[{"href":"https:\/\/lucacastelli.com\/fr\/wp-json\/wp\/v2\/product\/560567","targetHints":{"allow":["GET"]}}],"collection":[{"href":"https:\/\/lucacastelli.com\/fr\/wp-json\/wp\/v2\/product"}],"about":[{"href":"https:\/\/lucacastelli.com\/fr\/wp-json\/wp\/v2\/types\/product"}],"wp:featuredmedia":[{"embeddable":true,"href":"https:\/\/lucacastelli.com\/fr\/wp-json\/wp\/v2\/media\/560543"}],"wp:attachment":[{"href":"https:\/\/lucacastelli.com\/fr\/wp-json\/wp\/v2\/media?parent=560567"}],"wp:term":[{"taxonomy":"product_brand","embeddable":true,"href":"https:\/\/lucacastelli.com\/fr\/wp-json\/wp\/v2\/product_brand?post=560567"},{"taxonomy":"product_cat","embeddable":true,"href":"https:\/\/lucacastelli.com\/fr\/wp-json\/wp\/v2\/product_cat?post=560567"},{"taxonomy":"product_tag","embeddable":true,"href":"https:\/\/lucacastelli.com\/fr\/wp-json\/wp\/v2\/product_tag?post=560567"}],"curies":[{"name":"wp","href":"https:\/\/api.w.org\/{rel}","templated":true}]}}