{"id":560277,"date":"2025-08-03T12:04:10","date_gmt":"2025-08-03T10:04:10","guid":{"rendered":"https:\/\/lucacastelli.com\/prodotto\/stihl-tazze-da-espresso-2\/"},"modified":"2025-08-03T12:04:15","modified_gmt":"2025-08-03T10:04:15","slug":"stihl-tazze-da-espresso-2","status":"publish","type":"product","link":"https:\/\/lucacastelli.com\/fr\/produit\/stihl-tazze-da-espresso-2\/","title":{"rendered":"STIHL Tazze da espresso"},"content":{"rendered":"<p>Commencez votre journ\u00e9e avec \u00e9nergie : la tasse \u00e0 expresso STIHL ! Les tasses en porcelaine noire et blanche sont disponibles par lot de 2. Une tron\u00e7onneuse est repr\u00e9sent\u00e9e \u00e0 l&#8217;avant et le logo STIHL \u00e0 l&#8217;int\u00e9rieur. Les tasses vont au lave-vaisselle.<\/p>\n<p>Mat\u00e9riau : porcelaine<\/p>\n","protected":false},"excerpt":{"rendered":"<p>Commencez votre journ\u00e9e avec \u00e9nergie : la tasse \u00e0 expresso STIHL ! Les tasses en porcelaine noire et blanche sont<\/p>\n","protected":false},"featured_media":560266,"template":"","meta":{"_seopress_robots_primary_cat":"","_seopress_titles_title":"","_seopress_titles_desc":"","_seopress_robots_index":""},"product_brand":[3366],"product_cat":[1103],"product_tag":[],"class_list":{"0":"post-560277","1":"product","2":"type-product","3":"status-publish","4":"has-post-thumbnail","6":"product_brand-stihl","7":"product_cat-shops","9":"first","10":"onbackorder","11":"shipping-taxable","12":"purchasable","13":"product-type-simple"},"_links":{"self":[{"href":"https:\/\/lucacastelli.com\/fr\/wp-json\/wp\/v2\/product\/560277","targetHints":{"allow":["GET"]}}],"collection":[{"href":"https:\/\/lucacastelli.com\/fr\/wp-json\/wp\/v2\/product"}],"about":[{"href":"https:\/\/lucacastelli.com\/fr\/wp-json\/wp\/v2\/types\/product"}],"wp:featuredmedia":[{"embeddable":true,"href":"https:\/\/lucacastelli.com\/fr\/wp-json\/wp\/v2\/media\/560266"}],"wp:attachment":[{"href":"https:\/\/lucacastelli.com\/fr\/wp-json\/wp\/v2\/media?parent=560277"}],"wp:term":[{"taxonomy":"product_brand","embeddable":true,"href":"https:\/\/lucacastelli.com\/fr\/wp-json\/wp\/v2\/product_brand?post=560277"},{"taxonomy":"product_cat","embeddable":true,"href":"https:\/\/lucacastelli.com\/fr\/wp-json\/wp\/v2\/product_cat?post=560277"},{"taxonomy":"product_tag","embeddable":true,"href":"https:\/\/lucacastelli.com\/fr\/wp-json\/wp\/v2\/product_tag?post=560277"}],"curies":[{"name":"wp","href":"https:\/\/api.w.org\/{rel}","templated":true}]}}