{"id":560174,"date":"2025-08-03T12:02:29","date_gmt":"2025-08-03T10:02:29","guid":{"rendered":"https:\/\/lucacastelli.com\/prodotto\/stihl-zaino-outdoor-stihl-2\/"},"modified":"2025-08-03T12:02:35","modified_gmt":"2025-08-03T10:02:35","slug":"stihl-zaino-outdoor-stihl-2","status":"publish","type":"product","link":"https:\/\/lucacastelli.com\/fr\/produit\/stihl-zaino-outdoor-stihl-2\/","title":{"rendered":"STIHL Zaino outdoor STIHL"},"content":{"rendered":"<p>Sac \u00e0 dos d&#8217;ext\u00e9rieur STIHL en mat\u00e9riau l\u00e9ger pour la randonn\u00e9e et autres activit\u00e9s de plein air. Ce sac \u00e0 dos ergonomique poss\u00e8de des caract\u00e9ristiques ax\u00e9es sur la fonctionnalit\u00e9 et est hydrofuge avec une poche int\u00e9gr\u00e9e pour une protection compl\u00e8te contre la pluie. La grande poche int\u00e9rieure est adapt\u00e9e au transport d&#8217;\u00e9quipements, tandis que des poches int\u00e9rieures et ext\u00e9rieures plus petites peuvent \u00eatre utilis\u00e9es pour le rangement d&#8217;accessoires. En outre, l&#8217;une des poches ext\u00e9rieures peut \u00eatre utilis\u00e9e pour transporter une bouteille de boisson et des b\u00e2tons de trekking.<\/p>\n<p>Mat\u00e9riau du corps : polyester ripstop \/ polyester<br \/>\nMat\u00e9riau de la doublure : polyester<\/p>\n<p>Couleur : Orange \/ Gris \/ Noir<br \/>\nDimensions 30 \u00d7 50 \u00d7 20 cm (environ 30 l)<\/p>\n","protected":false},"excerpt":{"rendered":"<p>Sac \u00e0 dos d&#8217;ext\u00e9rieur STIHL en mat\u00e9riau l\u00e9ger pour la randonn\u00e9e et autres activit\u00e9s de plein air. Ce sac \u00e0<\/p>\n","protected":false},"featured_media":560163,"template":"","meta":{"_seopress_robots_primary_cat":"","_seopress_titles_title":"","_seopress_titles_desc":"","_seopress_robots_index":""},"product_brand":[3366],"product_cat":[716,211],"product_tag":[],"class_list":{"0":"post-560174","1":"product","2":"type-product","3":"status-publish","4":"has-post-thumbnail","6":"product_brand-stihl","7":"product_cat-altro-abbigliamento-per-il-tempo-libero","8":"product_cat-attrezzatura-per-il-tempo-libero","10":"first","11":"instock","12":"shipping-taxable","13":"purchasable","14":"product-type-simple"},"_links":{"self":[{"href":"https:\/\/lucacastelli.com\/fr\/wp-json\/wp\/v2\/product\/560174","targetHints":{"allow":["GET"]}}],"collection":[{"href":"https:\/\/lucacastelli.com\/fr\/wp-json\/wp\/v2\/product"}],"about":[{"href":"https:\/\/lucacastelli.com\/fr\/wp-json\/wp\/v2\/types\/product"}],"wp:featuredmedia":[{"embeddable":true,"href":"https:\/\/lucacastelli.com\/fr\/wp-json\/wp\/v2\/media\/560163"}],"wp:attachment":[{"href":"https:\/\/lucacastelli.com\/fr\/wp-json\/wp\/v2\/media?parent=560174"}],"wp:term":[{"taxonomy":"product_brand","embeddable":true,"href":"https:\/\/lucacastelli.com\/fr\/wp-json\/wp\/v2\/product_brand?post=560174"},{"taxonomy":"product_cat","embeddable":true,"href":"https:\/\/lucacastelli.com\/fr\/wp-json\/wp\/v2\/product_cat?post=560174"},{"taxonomy":"product_tag","embeddable":true,"href":"https:\/\/lucacastelli.com\/fr\/wp-json\/wp\/v2\/product_tag?post=560174"}],"curies":[{"name":"wp","href":"https:\/\/api.w.org\/{rel}","templated":true}]}}