{"id":559765,"date":"2025-08-03T11:48:40","date_gmt":"2025-08-03T09:48:40","guid":{"rendered":"https:\/\/lucacastelli.com\/prodotto\/stihl-shorts-performance-2\/"},"modified":"2025-08-03T11:51:20","modified_gmt":"2025-08-03T09:51:20","slug":"stihl-shorts-performance-2","status":"publish","type":"product","link":"https:\/\/lucacastelli.com\/fr\/produit\/stihl-shorts-performance-2\/","title":{"rendered":"STIHL Shorts PERFORMANCE"},"content":{"rendered":"<p>Die bequeme und funktionelle Herren-Outdoor-Shorts ist aus funktionellem Vier-Wege-Stretch-Gewebe gefertigt und mit einem elastischen Bund ausgestattet. Zwei Ges\u00e4\u00dftaschen, eine doppelte aufgesetzte Tasche auf dem rechten Vorderbein, eine Rei\u00dfverschlusstasche und zwei Schlaufen auf der R\u00fcckseite bieten ausreichend Platz f\u00fcr diverse Accessoires. Mit schwarzem, reflektierendem STIHL Logo-Aufdruck an der Seite und STIHL Jeans-Label auf dem R\u00fccken.<\/p>\n<p>95 % Nylon, 5 % Elasthan<\/p>\n","protected":false},"excerpt":{"rendered":"<p>Die bequeme und funktionelle Herren-Outdoor-Shorts ist aus funktionellem Vier-Wege-Stretch-Gewebe gefertigt und mit einem elastischen Bund ausgestattet. Zwei Ges\u00e4\u00dftaschen, eine doppelte<\/p>\n","protected":false},"featured_media":559738,"template":"","meta":{"_seopress_robots_primary_cat":"","_seopress_titles_title":"","_seopress_titles_desc":"","_seopress_robots_index":""},"product_brand":[3555],"product_cat":[81,981,982],"product_tag":[],"class_list":{"0":"post-559765","1":"product","2":"type-product","3":"status-publish","4":"has-post-thumbnail","6":"product_brand-stihl-fr","7":"product_cat-vetements","8":"product_cat-vetements-de-loisirs","9":"product_cat-vetements-pour-hommes","10":"sws-gruppo-abb-libero-fr","11":"sws-conto-ricavi-merci-rivendita-abbigliamento-fr","12":"sws-gruppo-iva-iva81-fr","14":"first","15":"instock","16":"shipping-taxable","17":"product-type-variable"},"_links":{"self":[{"href":"https:\/\/lucacastelli.com\/fr\/wp-json\/wp\/v2\/product\/559765","targetHints":{"allow":["GET"]}}],"collection":[{"href":"https:\/\/lucacastelli.com\/fr\/wp-json\/wp\/v2\/product"}],"about":[{"href":"https:\/\/lucacastelli.com\/fr\/wp-json\/wp\/v2\/types\/product"}],"wp:featuredmedia":[{"embeddable":true,"href":"https:\/\/lucacastelli.com\/fr\/wp-json\/wp\/v2\/media\/559738"}],"wp:attachment":[{"href":"https:\/\/lucacastelli.com\/fr\/wp-json\/wp\/v2\/media?parent=559765"}],"wp:term":[{"taxonomy":"product_brand","embeddable":true,"href":"https:\/\/lucacastelli.com\/fr\/wp-json\/wp\/v2\/product_brand?post=559765"},{"taxonomy":"product_cat","embeddable":true,"href":"https:\/\/lucacastelli.com\/fr\/wp-json\/wp\/v2\/product_cat?post=559765"},{"taxonomy":"product_tag","embeddable":true,"href":"https:\/\/lucacastelli.com\/fr\/wp-json\/wp\/v2\/product_tag?post=559765"}],"curies":[{"name":"wp","href":"https:\/\/api.w.org\/{rel}","templated":true}]}}