{"id":549016,"date":"2025-08-06T19:06:41","date_gmt":"2025-08-06T17:06:41","guid":{"rendered":"https:\/\/lucacastelli.com\/?post_type=product&#038;p=549016"},"modified":"2025-12-25T21:33:06","modified_gmt":"2025-12-25T20:33:06","slug":"milwaukee-punte-sds-plus-mx4-4-taglienti-90","status":"publish","type":"product","link":"https:\/\/lucacastelli.com\/fr\/produit\/milwaukee-punte-sds-plus-mx4-4-taglienti-90\/","title":{"rendered":"MILWAUKEE Punte SDS-Plus MX4 4 taglienti"},"content":{"rendered":"<p>PUNTA SDS-Plus MX4 6,5X265 MM 50pz<br \/>\nUnico blocco a 4 taglienti al carburo (4&#215;90\u00b0). Per fori perfettamente rotondi e un ancoraggio ottimale;Geometria a 4 scanalature, assicura la massima estrazione di polveri e detriti;Punta di centraggio per una facile centratura e la massima precisione del foro;Maggior quantit\u00e0 di Carburo porta ad avere una maggiore durata;4 denti demolitori producono micro fratture nel cemento che aumentano la velocit\u00e0. Polverizzano il materiale pi\u00f9 efficentemente. 20% pi\u00f9 veloce rispetto ai concorrenti;Smussatura laterale del tagliente per una maggiore resistenza in cemento armato. Queste punte sono 4 volte pi\u00f9 durature vs le punte a 2 taglienti;Nuovo design della spalla che si assottiglia con l\u2019avvicinarsi al tagliente per una migliore estrazione polveri, velocit\u00e0 e minimizzare l&#8217;attrito. Fino a 20% pi\u00f9 fori per carica vs concorrenti;Made in Germany<\/p>\n<p>4932459589<br \/>\n4058546027612<\/p>\n","protected":false},"excerpt":{"rendered":"<p>PUNTA SDS-Plus MX4 6,5X265 MM 50pz<\/p>\n","protected":false},"featured_media":491422,"template":"","meta":{"_seopress_robots_primary_cat":"","_seopress_titles_title":"","_seopress_titles_desc":"","_seopress_robots_index":""},"product_brand":[3407],"product_cat":[29,514,549,550,33],"product_tag":[3270],"class_list":{"0":"post-549016","1":"product","2":"type-product","3":"status-publish","4":"has-post-thumbnail","6":"product_brand-milwaukee","7":"product_cat-macchinari","8":"product_cat-altri-dispositivi","9":"product_cat-trapani-e-avvitatori","10":"product_cat-accessori-per-trapani-ed-avvitatori","11":"product_cat-attrezzature","12":"product_tag-import-milwau","13":"sws-conto-ricavi-merci-rivendita-macchinari-fr","14":"sws-gruppo-iva-iva81-fr","16":"first","17":"onbackorder","18":"sale","19":"shipping-taxable","20":"purchasable","21":"product-type-simple"},"_links":{"self":[{"href":"https:\/\/lucacastelli.com\/fr\/wp-json\/wp\/v2\/product\/549016","targetHints":{"allow":["GET"]}}],"collection":[{"href":"https:\/\/lucacastelli.com\/fr\/wp-json\/wp\/v2\/product"}],"about":[{"href":"https:\/\/lucacastelli.com\/fr\/wp-json\/wp\/v2\/types\/product"}],"wp:featuredmedia":[{"embeddable":true,"href":"https:\/\/lucacastelli.com\/fr\/wp-json\/wp\/v2\/media\/491422"}],"wp:attachment":[{"href":"https:\/\/lucacastelli.com\/fr\/wp-json\/wp\/v2\/media?parent=549016"}],"wp:term":[{"taxonomy":"product_brand","embeddable":true,"href":"https:\/\/lucacastelli.com\/fr\/wp-json\/wp\/v2\/product_brand?post=549016"},{"taxonomy":"product_cat","embeddable":true,"href":"https:\/\/lucacastelli.com\/fr\/wp-json\/wp\/v2\/product_cat?post=549016"},{"taxonomy":"product_tag","embeddable":true,"href":"https:\/\/lucacastelli.com\/fr\/wp-json\/wp\/v2\/product_tag?post=549016"}],"curies":[{"name":"wp","href":"https:\/\/api.w.org\/{rel}","templated":true}]}}