{"id":545930,"date":"2025-08-02T21:30:28","date_gmt":"2025-08-02T19:30:28","guid":{"rendered":"https:\/\/lucacastelli.com\/prodotto\/stihl-ciondolo-charm-motosega-2\/"},"modified":"2025-08-02T21:30:33","modified_gmt":"2025-08-02T19:30:33","slug":"stihl-ciondolo-charm-motosega-2","status":"publish","type":"product","link":"https:\/\/lucacastelli.com\/fr\/produit\/stihl-ciondolo-charm-motosega-2\/","title":{"rendered":"STIHL Ciondolo charm &#8220;Motosega&#8221;"},"content":{"rendered":"<p>\u00c0 porter au poignet ou autour du cou. Un pendentif en forme de tron\u00e7onneuse tr\u00e8s sp\u00e9cial. Porte-cl\u00e9s en argent sterling rhodi\u00e9. Un v\u00e9ritable bijou \u00e0 accrocher aux bracelets, bracelets de perles et colliers, \u00e0 l&#8217;aide du petit mousqueton.<\/p>\n","protected":false},"excerpt":{"rendered":"<p>\u00c0 porter au poignet ou autour du cou. Un pendentif en forme de tron\u00e7onneuse tr\u00e8s sp\u00e9cial. Porte-cl\u00e9s en argent sterling<\/p>\n","protected":false},"featured_media":545919,"template":"","meta":{"_seopress_robots_primary_cat":"","_seopress_titles_title":"","_seopress_titles_desc":"","_seopress_robots_index":""},"product_brand":[3366],"product_cat":[1103],"product_tag":[],"class_list":{"0":"post-545930","1":"product","2":"type-product","3":"status-publish","4":"has-post-thumbnail","6":"product_brand-stihl","7":"product_cat-shops","9":"first","10":"onbackorder","11":"shipping-taxable","12":"purchasable","13":"product-type-simple"},"_links":{"self":[{"href":"https:\/\/lucacastelli.com\/fr\/wp-json\/wp\/v2\/product\/545930","targetHints":{"allow":["GET"]}}],"collection":[{"href":"https:\/\/lucacastelli.com\/fr\/wp-json\/wp\/v2\/product"}],"about":[{"href":"https:\/\/lucacastelli.com\/fr\/wp-json\/wp\/v2\/types\/product"}],"wp:featuredmedia":[{"embeddable":true,"href":"https:\/\/lucacastelli.com\/fr\/wp-json\/wp\/v2\/media\/545919"}],"wp:attachment":[{"href":"https:\/\/lucacastelli.com\/fr\/wp-json\/wp\/v2\/media?parent=545930"}],"wp:term":[{"taxonomy":"product_brand","embeddable":true,"href":"https:\/\/lucacastelli.com\/fr\/wp-json\/wp\/v2\/product_brand?post=545930"},{"taxonomy":"product_cat","embeddable":true,"href":"https:\/\/lucacastelli.com\/fr\/wp-json\/wp\/v2\/product_cat?post=545930"},{"taxonomy":"product_tag","embeddable":true,"href":"https:\/\/lucacastelli.com\/fr\/wp-json\/wp\/v2\/product_tag?post=545930"}],"curies":[{"name":"wp","href":"https:\/\/api.w.org\/{rel}","templated":true}]}}