{"id":543144,"date":"2025-08-02T19:39:17","date_gmt":"2025-08-02T17:39:17","guid":{"rendered":"https:\/\/lucacastelli.com\/prodotto\/stihl-3x55l-motomix-3\/"},"modified":"2026-03-02T09:30:34","modified_gmt":"2026-03-02T08:30:34","slug":"stihl-3x55l-motomix-3","status":"publish","type":"product","link":"https:\/\/lucacastelli.com\/fr\/produit\/stihl-3x55l-motomix-3\/","title":{"rendered":"STIHL 3x55l Motomix"},"content":{"rendered":"<p>Carburant pr\u00e9m\u00e9lang\u00e9 (1:50) dans un emballage r\u00e9utilisable pour tous les moteurs STIHL. Avec une nouvelle formule d&#8217;essence et la nouvelle huile Premium STIHL HP Ultra biod\u00e9gradable. Garantit un moteur propre durablement, avec d&#8217;excellentes propri\u00e9t\u00e9s lubrifiantes associ\u00e9es \u00e0 une r\u00e9duction significative des gaz d&#8217;\u00e9chappement nocifs par rapport aux carburants classiques. La formulation originale garantit une acc\u00e9l\u00e9ration optimale et un fonctionnement silencieux. L&#8217;emballage est adapt\u00e9 au syst\u00e8me de ravitaillement STIHL.    <\/p>\n<p>Emballage r\u00e9utilisable<br \/>\nBrevet EP 2031043<\/p>\n<p>Contenu : 3 fois 55 litres = 165 litres  <\/p>\n","protected":false},"excerpt":{"rendered":"<p>Carburant pr\u00e9m\u00e9lang\u00e9 (1:50) dans un emballage r\u00e9utilisable pour tous les moteurs STIHL. Avec une nouvelle formule d&#8217;essence et la nouvelle<\/p>\n","protected":false},"featured_media":543139,"template":"","meta":{"_seopress_robots_primary_cat":"","_seopress_titles_title":"STIHL Motomix : Meilleur Prix et Disponibilit\u00e9 Imm\u00e9diate | Lucacastelli","_seopress_titles_desc":"","_seopress_robots_index":""},"product_brand":[3366],"product_cat":[259,265],"product_tag":[],"class_list":{"0":"post-543144","1":"product","2":"type-product","3":"status-publish","4":"has-post-thumbnail","6":"product_brand-stihl","7":"product_cat-carburanti-e-olii","8":"product_cat-carburante","9":"sws-gruppo-macchinari-fr","10":"sws-conto-ricavi-merci-rivendita-carburante-stihl-fr","11":"sws-gruppo-iva-iva81-fr","13":"first","14":"instock","15":"shipping-taxable","16":"purchasable","17":"product-type-simple"},"_links":{"self":[{"href":"https:\/\/lucacastelli.com\/fr\/wp-json\/wp\/v2\/product\/543144","targetHints":{"allow":["GET"]}}],"collection":[{"href":"https:\/\/lucacastelli.com\/fr\/wp-json\/wp\/v2\/product"}],"about":[{"href":"https:\/\/lucacastelli.com\/fr\/wp-json\/wp\/v2\/types\/product"}],"wp:featuredmedia":[{"embeddable":true,"href":"https:\/\/lucacastelli.com\/fr\/wp-json\/wp\/v2\/media\/543139"}],"wp:attachment":[{"href":"https:\/\/lucacastelli.com\/fr\/wp-json\/wp\/v2\/media?parent=543144"}],"wp:term":[{"taxonomy":"product_brand","embeddable":true,"href":"https:\/\/lucacastelli.com\/fr\/wp-json\/wp\/v2\/product_brand?post=543144"},{"taxonomy":"product_cat","embeddable":true,"href":"https:\/\/lucacastelli.com\/fr\/wp-json\/wp\/v2\/product_cat?post=543144"},{"taxonomy":"product_tag","embeddable":true,"href":"https:\/\/lucacastelli.com\/fr\/wp-json\/wp\/v2\/product_tag?post=543144"}],"curies":[{"name":"wp","href":"https:\/\/api.w.org\/{rel}","templated":true}]}}