{"id":542872,"date":"2025-08-02T19:28:28","date_gmt":"2025-08-02T17:28:28","guid":{"rendered":"https:\/\/lucacastelli.com\/prodotto\/stihl-cap-axe-2\/"},"modified":"2025-08-02T19:28:33","modified_gmt":"2025-08-02T17:28:33","slug":"stihl-cap-axe-2","status":"publish","type":"product","link":"https:\/\/lucacastelli.com\/fr\/produit\/stihl-cap-axe-2\/","title":{"rendered":"STIHL Cap AXE"},"content":{"rendered":"<p>La casquette de baseball noire avec broderie de hache grise peut \u00eatre ajust\u00e9e \u00e0 toutes les formes de t\u00eate gr\u00e2ce au clip m\u00e9tallique \u00e0 l&#8217;arri\u00e8re. Le compagnon id\u00e9al pour la prochaine saison de &#8220;STIHL TIMBERSPORTS\u00ae&#8221;.<\/p>\n<p>100 % coton<\/p>\n","protected":false},"excerpt":{"rendered":"<p>La casquette de baseball noire avec broderie de hache grise peut \u00eatre ajust\u00e9e \u00e0 toutes les formes de t\u00eate gr\u00e2ce<\/p>\n","protected":false},"featured_media":542864,"template":"","meta":{"_seopress_robots_primary_cat":"","_seopress_titles_title":"","_seopress_titles_desc":"","_seopress_robots_index":""},"product_brand":[3366],"product_cat":[21,186],"product_tag":[],"class_list":{"0":"post-542872","1":"product","2":"type-product","3":"status-publish","4":"has-post-thumbnail","6":"product_brand-stihl","7":"product_cat-abbigliamento","8":"product_cat-accessori-per-labbigliamento","10":"first","11":"instock","12":"shipping-taxable","13":"purchasable","14":"product-type-simple"},"_links":{"self":[{"href":"https:\/\/lucacastelli.com\/fr\/wp-json\/wp\/v2\/product\/542872","targetHints":{"allow":["GET"]}}],"collection":[{"href":"https:\/\/lucacastelli.com\/fr\/wp-json\/wp\/v2\/product"}],"about":[{"href":"https:\/\/lucacastelli.com\/fr\/wp-json\/wp\/v2\/types\/product"}],"wp:featuredmedia":[{"embeddable":true,"href":"https:\/\/lucacastelli.com\/fr\/wp-json\/wp\/v2\/media\/542864"}],"wp:attachment":[{"href":"https:\/\/lucacastelli.com\/fr\/wp-json\/wp\/v2\/media?parent=542872"}],"wp:term":[{"taxonomy":"product_brand","embeddable":true,"href":"https:\/\/lucacastelli.com\/fr\/wp-json\/wp\/v2\/product_brand?post=542872"},{"taxonomy":"product_cat","embeddable":true,"href":"https:\/\/lucacastelli.com\/fr\/wp-json\/wp\/v2\/product_cat?post=542872"},{"taxonomy":"product_tag","embeddable":true,"href":"https:\/\/lucacastelli.com\/fr\/wp-json\/wp\/v2\/product_tag?post=542872"}],"curies":[{"name":"wp","href":"https:\/\/api.w.org\/{rel}","templated":true}]}}