{"id":542863,"date":"2025-08-02T19:28:17","date_gmt":"2025-08-02T17:28:17","guid":{"rendered":"https:\/\/lucacastelli.com\/prodotto\/stihl-autocut-inserto-bobina-2\/"},"modified":"2026-03-09T00:37:08","modified_gmt":"2026-03-08T23:37:08","slug":"stihl-autocut-inserto-bobina-2","status":"publish","type":"product","link":"https:\/\/lucacastelli.com\/fr\/produit\/stihl-autocut-inserto-bobina-2\/","title":{"rendered":"Insert de bobine STIHL AutoCut"},"content":{"rendered":"<p>La bobine STIHL permet de remplacer rapidement et facilement la bobine compl\u00e8te d\u2019une t\u00eate faucheuse. Selon le mod\u00e8le, la bobine convient \u00e0 la t\u00eate faucheuse STIHL AutoCut 2-2, \u00e0 la t\u00eate faucheuse STIHL AutoCut C 3-2 et au coupe-bordures \u00e9lectrique STIHL FSE 31. Cette bobine robuste est disponible avec le fil de coupe STIHL rond pour la FSE 31 ou avec le fil de coupe STIHL rond et silencieux pour le coupe-bordures \u00e0 batterie STIHL FSA 57, pour le coupe-bordures \u00e9lectrique STIHL FSE 52 et pour le coupe-bordures \u00e0 batterie STIHL FSA 56 (plus disponible).  <\/p>\n<p>Bobines de fil pour coupe-bordures \u00e9lectriques et \u00e0 batterie STIHL<br \/>\nBobine robuste pour faucheuses STIHL<br \/>\nPour AutoCut 2-2, AutoCut 3-2 et FSE 31<br \/>\nPour les particuliers<br \/>\nEnroulement fiable du fil de coupe<\/p>\n<p>Pour AutoCut 36-2, 46-2 et 56-2<\/p>\n","protected":false},"excerpt":{"rendered":"<p>La bobine STIHL permet de remplacer rapidement et facilement la bobine compl\u00e8te d\u2019une t\u00eate faucheuse. Selon le mod\u00e8le, la bobine<\/p>\n","protected":false},"featured_media":542854,"template":"","meta":{"_seopress_robots_primary_cat":"","_seopress_titles_title":"","_seopress_titles_desc":"","_seopress_robots_index":""},"product_brand":[3366],"product_cat":[29,515,270],"product_tag":[],"class_list":{"0":"post-542863","1":"product","2":"type-product","3":"status-publish","4":"has-post-thumbnail","6":"product_brand-stihl","7":"product_cat-macchinari","8":"product_cat-accessori-e-materiale-di-consumo-altri-dispositivi","9":"product_cat-decespugliatori-e-tagliabordi","10":"sws-gruppo-macchinari-fr","11":"sws-conto-ricavi-merci-rivendita-macchinari-fr","12":"sws-gruppo-iva-iva81-fr","14":"first","15":"instock","16":"shipping-taxable","17":"purchasable","18":"product-type-simple"},"_links":{"self":[{"href":"https:\/\/lucacastelli.com\/fr\/wp-json\/wp\/v2\/product\/542863","targetHints":{"allow":["GET"]}}],"collection":[{"href":"https:\/\/lucacastelli.com\/fr\/wp-json\/wp\/v2\/product"}],"about":[{"href":"https:\/\/lucacastelli.com\/fr\/wp-json\/wp\/v2\/types\/product"}],"wp:featuredmedia":[{"embeddable":true,"href":"https:\/\/lucacastelli.com\/fr\/wp-json\/wp\/v2\/media\/542854"}],"wp:attachment":[{"href":"https:\/\/lucacastelli.com\/fr\/wp-json\/wp\/v2\/media?parent=542863"}],"wp:term":[{"taxonomy":"product_brand","embeddable":true,"href":"https:\/\/lucacastelli.com\/fr\/wp-json\/wp\/v2\/product_brand?post=542863"},{"taxonomy":"product_cat","embeddable":true,"href":"https:\/\/lucacastelli.com\/fr\/wp-json\/wp\/v2\/product_cat?post=542863"},{"taxonomy":"product_tag","embeddable":true,"href":"https:\/\/lucacastelli.com\/fr\/wp-json\/wp\/v2\/product_tag?post=542863"}],"curies":[{"name":"wp","href":"https:\/\/api.w.org\/{rel}","templated":true}]}}