{"id":536213,"date":"2025-06-01T00:39:39","date_gmt":"2025-05-31T22:39:39","guid":{"rendered":"https:\/\/lucacastelli.com\/prodotto\/jeu-de-roues\/"},"modified":"2025-06-01T00:39:39","modified_gmt":"2025-05-31T22:39:39","slug":"jeu-de-roues","status":"publish","type":"product","link":"https:\/\/lucacastelli.com\/fr\/produit\/jeu-de-roues\/","title":{"rendered":"Jeu de roues"},"content":{"rendered":"<p>Jeu de roues pour le support avant. La scie \u00e0 onglets peut \u00eatre mieux positionn\u00e9e et, gr\u00e2ce \u00e0 la souplesse des roues, peut \u00eatre guid\u00e9e plus facilement sur des surfaces planes et r\u00e9guli\u00e8res. Pour TS 410, TS 420, TS 480i, TS 500i, TS 700 et TS 800.<br \/>\n795711360634  <\/p>\n","protected":false},"excerpt":{"rendered":"<p>Jeu de roues<\/p>\n","protected":false},"featured_media":468654,"template":"","meta":{"_seopress_robots_primary_cat":"","_seopress_titles_title":"","_seopress_titles_desc":"","_seopress_robots_index":""},"product_brand":[3366],"product_cat":[29,495,496],"product_tag":[3265],"class_list":{"0":"post-536213","1":"product","2":"type-product","3":"status-publish","4":"has-post-thumbnail","6":"product_brand-stihl","7":"product_cat-macchinari","8":"product_cat-troncatrici-e-mototroncatrici","9":"product_cat-troncatrici","10":"product_tag-import-stihl","11":"sws-gruppo-macchinari-fr","12":"sws-conto-ricavi-merci-rivendita-macchinari-fr","13":"sws-gruppo-iva-iva81-fr","15":"first","16":"onbackorder","17":"purchasable","18":"product-type-simple"},"_links":{"self":[{"href":"https:\/\/lucacastelli.com\/fr\/wp-json\/wp\/v2\/product\/536213","targetHints":{"allow":["GET"]}}],"collection":[{"href":"https:\/\/lucacastelli.com\/fr\/wp-json\/wp\/v2\/product"}],"about":[{"href":"https:\/\/lucacastelli.com\/fr\/wp-json\/wp\/v2\/types\/product"}],"wp:featuredmedia":[{"embeddable":true,"href":"https:\/\/lucacastelli.com\/fr\/wp-json\/wp\/v2\/media\/468654"}],"wp:attachment":[{"href":"https:\/\/lucacastelli.com\/fr\/wp-json\/wp\/v2\/media?parent=536213"}],"wp:term":[{"taxonomy":"product_brand","embeddable":true,"href":"https:\/\/lucacastelli.com\/fr\/wp-json\/wp\/v2\/product_brand?post=536213"},{"taxonomy":"product_cat","embeddable":true,"href":"https:\/\/lucacastelli.com\/fr\/wp-json\/wp\/v2\/product_cat?post=536213"},{"taxonomy":"product_tag","embeddable":true,"href":"https:\/\/lucacastelli.com\/fr\/wp-json\/wp\/v2\/product_tag?post=536213"}],"curies":[{"name":"wp","href":"https:\/\/api.w.org\/{rel}","templated":true}]}}